{"id":1534,"date":"2017-09-18T15:27:56","date_gmt":"2017-09-18T13:27:56","guid":{"rendered":"http:\/\/feuerwehr-eltmann.de\/?page_id=1534"},"modified":"2017-11-02T08:12:50","modified_gmt":"2017-11-02T07:12:50","slug":"der-notruf","status":"publish","type":"page","link":"https:\/\/feuerwehr-eltmann.de\/?page_id=1534","title":{"rendered":"Der Notruf"},"content":{"rendered":"<p><img loading=\"lazy\" decoding=\"async\" class=\" wp-image-1533 alignleft\" src=\"https:\/\/feuerwehr-eltmann.de\/wp-content\/uploads\/2017\/09\/112-300x193.png\" alt=\"\" width=\"230\" height=\"148\" srcset=\"https:\/\/feuerwehr-eltmann.de\/wp-content\/uploads\/2017\/09\/112-300x193.png 300w, https:\/\/feuerwehr-eltmann.de\/wp-content\/uploads\/2017\/09\/112.png 492w\" sizes=\"auto, (max-width: 230px) 100vw, 230px\" \/>Mit der Nummer erreicht man europaweit Feuerwehr und Rettungsdienst. Die Notrufnummer der Polizei lautet 110.<\/p>\n<p>Der Anruf ist kostenlos und aus jedem Netz m\u00f6glich. <strong>Missbrauch ist strafbar!<\/strong><\/p>\n<p>Nutze die 5 W &#8211; Fragen, dass schnelle Hilfe kommen kann. Gebe Hinweise auf Besonderheiten am Einsatzort.<\/p>\n<h2><strong>5 W \u2013 Fragen<\/strong><\/h2>\n<p><strong>Wer meldet?<\/strong> \u2013 Nenne deinen Namen, Telefonnummer und versuche erreichbar zu bleiben. F\u00fcr den Fall, dass die Leitstelle R\u00fcckfragen hat, unterbricht die Rettungskette nicht.<\/p>\n<p><strong>Wo ist der Notfall?<\/strong> \u2013 Gebe den Unfallort so genau wie m\u00f6glich an. Je genauer die Beschreibung ist, desto schneller k\u00f6nnen Einsatzkr\u00e4fte vor Ort sein.<\/p>\n<p><strong>Was ist geschehen?<\/strong> \u2013 Beschreibe kurz was vorgefallen ist. Achte hier auf Besonderheiten. Beispiel: \u201eEin Haus brennt und im Garten steht ein Gastank.\u201c<\/p>\n<p><strong>Wie viele Verletzte gibt es?<\/strong> \u2013 Gebe eine Anzahl der verletzten\/ vermissten Personen an. Welche Art der Verletzungen liegt vor?<\/p>\n<p><strong>Warten auf R\u00fcckfragen.<\/strong> \u2013 Die Leitstelle beendet das Gespr\u00e4ch. So werden Unklarheiten vermieden.<\/p>\n<p>&nbsp;<\/p>\n<p>Ein richtig abgesetzter Notruf erleichtert der Leitstelle die Alarmierung der Einsatzkr\u00e4fte. So kann f\u00fcr jeden Vorfall ben\u00f6tigtes Personal und Material individuell disponiert werden.<\/p>\n","protected":false},"excerpt":{"rendered":"<p>Mit der Nummer erreicht man europaweit Feuerwehr und Rettungsdienst. Die Notrufnummer der Polizei lautet 110. Der Anruf ist kostenlos und aus jedem Netz m\u00f6glich. Missbrauch ist strafbar! Nutze die 5 W &#8211; Fragen, dass schnelle Hilfe kommen kann. Gebe Hinweise &hellip; <a href=\"https:\/\/feuerwehr-eltmann.de\/?page_id=1534\">Weiterlesen <span class=\"meta-nav\">&rarr;<\/span><\/a><\/p>\n","protected":false},"author":2,"featured_media":0,"parent":39,"menu_order":0,"comment_status":"closed","ping_status":"closed","template":"","meta":{"_mc_calendar":[],"footnotes":""},"class_list":["post-1534","page","type-page","status-publish","hentry"],"_links":{"self":[{"href":"https:\/\/feuerwehr-eltmann.de\/index.php?rest_route=\/wp\/v2\/pages\/1534","targetHints":{"allow":["GET"]}}],"collection":[{"href":"https:\/\/feuerwehr-eltmann.de\/index.php?rest_route=\/wp\/v2\/pages"}],"about":[{"href":"https:\/\/feuerwehr-eltmann.de\/index.php?rest_route=\/wp\/v2\/types\/page"}],"author":[{"embeddable":true,"href":"https:\/\/feuerwehr-eltmann.de\/index.php?rest_route=\/wp\/v2\/users\/2"}],"replies":[{"embeddable":true,"href":"https:\/\/feuerwehr-eltmann.de\/index.php?rest_route=%2Fwp%2Fv2%2Fcomments&post=1534"}],"version-history":[{"count":5,"href":"https:\/\/feuerwehr-eltmann.de\/index.php?rest_route=\/wp\/v2\/pages\/1534\/revisions"}],"predecessor-version":[{"id":1730,"href":"https:\/\/feuerwehr-eltmann.de\/index.php?rest_route=\/wp\/v2\/pages\/1534\/revisions\/1730"}],"up":[{"embeddable":true,"href":"https:\/\/feuerwehr-eltmann.de\/index.php?rest_route=\/wp\/v2\/pages\/39"}],"wp:attachment":[{"href":"https:\/\/feuerwehr-eltmann.de\/index.php?rest_route=%2Fwp%2Fv2%2Fmedia&parent=1534"}],"curies":[{"name":"wp","href":"https:\/\/api.w.org\/{rel}","templated":true}]}}