{"id":2282,"date":"2018-08-07T15:05:01","date_gmt":"2018-08-07T13:05:01","guid":{"rendered":"http:\/\/feuerwehr-eltmann.de\/?page_id=2282"},"modified":"2018-09-25T20:43:19","modified_gmt":"2018-09-25T18:43:19","slug":"lf-8-6-loeschgruppenfahrzeug","status":"publish","type":"page","link":"https:\/\/feuerwehr-eltmann.de\/?page_id=2282","title":{"rendered":"LF 8\/6 &#8211; L\u00f6schgruppenfahrzeug"},"content":{"rendered":"<p>Zur Ausstattung des L\u00f6schgruppenfahrzeugs geh\u00f6ren zur Brandbek\u00e4mpfung vier Atemschutzger\u00e4te, die Schnellangriffseinrichtung mit C- und D-Hohlstrahlrohr, Schaummittel, sowie der 600 Liter Wassertank.<\/p>\n<p>Die THL-Komponente, bestehend aus Rettungssatz mit Rettungszylinder und R\u00fcstholz sorgt daf\u00fcr, dass das LF 8\/6 neben dem L\u00f6schzug auch im R\u00fcstzug prim\u00e4r mitf\u00e4hrt.<\/p>\n<p>Aufgrund der umfangreichen Beladung kann es sehr gut als eigenst\u00e4ndige Einheit handeln und einen Gro\u00dfteil des Einsatzaufkommens abarbeiten. Das Gesamtgewicht von 7,49 t erm\u00f6glicht das F\u00fchren mit dem Feuerwehrf\u00fchrerschein, was einem schnellen Ersteinsatz zugutekommt.<\/p>\n<h2>Technische Daten<\/h2>\n<p>\n<table id=\"tablepress-beladung_lf8\" class=\"tablepress tablepress-id-beladung_lf8\">\n<tbody class=\"row-hover\">\n<tr class=\"row-1\">\n\t<td class=\"column-1\">Fahrgestell<\/td><td class=\"column-2\">Iveco Magirus<\/td>\n<\/tr>\n<tr class=\"row-2\">\n\t<td class=\"column-1\">Aufbau<\/td><td class=\"column-2\">Magirus<\/td>\n<\/tr>\n<tr class=\"row-3\">\n\t<td class=\"column-1\">Leistung<\/td><td class=\"column-2\">103 kW<\/td>\n<\/tr>\n<tr class=\"row-4\">\n\t<td class=\"column-1\">Baujahr<\/td><td class=\"column-2\">1993<\/td>\n<\/tr>\n<tr class=\"row-5\">\n\t<td class=\"column-1\">Besatzung<\/td><td class=\"column-2\">Gruppe: 1\/8<\/td>\n<\/tr>\n<tr class=\"row-6\">\n\t<td class=\"column-1\">Tank Wasser<\/td><td class=\"column-2\">600 Liter<\/td>\n<\/tr>\n<tr class=\"row-7\">\n\t<td class=\"column-1\">Kanister Schaummittel<\/td><td class=\"column-2\">6x 20 Liter<\/td>\n<\/tr>\n<tr class=\"row-8\">\n\t<td class=\"column-1\">Feuerl\u00f6schkreiselpumpe<\/td><td class=\"column-2\">800 Liter\/min<\/td>\n<\/tr>\n<tr class=\"row-9\">\n\t<td class=\"column-1\">Besondere Beladung<\/td><td class=\"column-2\">- THL Komponente (Rettungssatz mit Stempel)<br \/>\n- Schnellangriff Schaum<br \/>\n- Tauchpumpe TP 4<br \/>\n- R\u00fcstholz<\/td>\n<\/tr>\n<\/tbody>\n<\/table>\n<!-- #tablepress-beladung_lf8 from cache --><br \/>\n<div id=\"envira-gallery-wrap-2348\" class=\"envira-gallery-wrap envira-gallery-theme-base envira-lightbox-theme-base\" itemscope itemtype=\"https:\/\/schema.org\/ImageGallery\"><div data-row-height=\"150\" data-gallery-theme=\"normal\" id=\"envira-gallery-2348\" class=\"envira-gallery-public envira-gallery-justified-public envira-gallery-0-columns envira-clear enviratope envira-gallery-css-animations\" data-envira-columns=\"0\"><div id=\"envira-gallery-item-2358\" class=\"envira-gallery-item enviratope-item envira-gallery-item-1 envira-lazy-load\" style=\"padding-left: 5px; padding-bottom: 10px; padding-right: 5px;\"  itemscope itemtype=\"https:\/\/schema.org\/ImageObject\"><div class=\"envira-gallery-item-inner\"><div class=\"envira-gallery-position-overlay  envira-gallery-top-left\"><\/div><div class=\"envira-gallery-position-overlay  envira-gallery-top-right\"><\/div><div class=\"envira-gallery-position-overlay  envira-gallery-bottom-left\"><\/div><div class=\"envira-gallery-position-overlay  envira-gallery-bottom-right\"><\/div><a href=\"https:\/\/feuerwehr-eltmann.de\/wp-content\/uploads\/2018\/09\/P1060514-1.jpg\" class=\"envira-gallery-2348 envira-gallery-link\" rel=\"enviragallery2348\" title=\"P1060514\" data-envira-caption=\"P1060514\" data-envira-retina=\"\" data-thumbnail=\"\"  itemprop=\"contentUrl\"><img decoding=\"async\" id=\"envira-gallery-image-2358\" class=\"envira-gallery-image envira-gallery-image-1 envira-normal envira-lazy\" data-envira-index=\"1\" src=\"https:\/\/feuerwehr-eltmann.de\/wp-content\/uploads\/2018\/09\/P1060514-1-1000x750-640x480.jpg\" data-envira-src=\"https:\/\/feuerwehr-eltmann.de\/wp-content\/uploads\/2018\/09\/P1060514-1-1000x750-640x480.jpg\" data-envira-gallery-id=\"2348\" data-envira-item-id=\"2358\" data-envira-caption=\"P1060514\" alt=\"\" title=\"P1060514\"  itemprop=\"thumbnailUrl\" data-envira-srcset=\"https:\/\/feuerwehr-eltmann.de\/wp-content\/uploads\/2018\/09\/P1060514-1-1000x750-640x480.jpg 400w,https:\/\/feuerwehr-eltmann.de\/wp-content\/uploads\/2018\/09\/P1060514-1-1000x750-640x480.jpg 2x\" data-envira-width=\"300\" data-envira-height=\"225\" srcset=\"data:image\/gif;base64,R0lGODlhAQABAIAAAP\/\/\/\/\/\/\/yH5BAEKAAEALAAAAAABAAEAAAICTAEAOw==\" data-safe-src=\"data:image\/gif;base64,R0lGODlhAQABAIAAAP\/\/\/\/\/\/\/yH5BAEKAAEALAAAAAABAAEAAAICTAEAOw==\" \/><\/a><\/div><\/div><div id=\"envira-gallery-item-2359\" class=\"envira-gallery-item enviratope-item envira-gallery-item-2 envira-lazy-load\" style=\"padding-left: 5px; padding-bottom: 10px; padding-right: 5px;\"  itemscope itemtype=\"https:\/\/schema.org\/ImageObject\"><div class=\"envira-gallery-item-inner\"><div class=\"envira-gallery-position-overlay  envira-gallery-top-left\"><\/div><div class=\"envira-gallery-position-overlay  envira-gallery-top-right\"><\/div><div class=\"envira-gallery-position-overlay  envira-gallery-bottom-left\"><\/div><div class=\"envira-gallery-position-overlay  envira-gallery-bottom-right\"><\/div><a href=\"https:\/\/feuerwehr-eltmann.de\/wp-content\/uploads\/2018\/09\/P1060515-1.jpg\" class=\"envira-gallery-2348 envira-gallery-link\" rel=\"enviragallery2348\" title=\"P1060515\" data-envira-caption=\"P1060515\" data-envira-retina=\"\" data-thumbnail=\"\"  itemprop=\"contentUrl\"><img decoding=\"async\" id=\"envira-gallery-image-2359\" class=\"envira-gallery-image envira-gallery-image-2 envira-normal envira-lazy\" data-envira-index=\"2\" src=\"https:\/\/feuerwehr-eltmann.de\/wp-content\/uploads\/2018\/09\/P1060515-1-1000x750-640x480.jpg\" data-envira-src=\"https:\/\/feuerwehr-eltmann.de\/wp-content\/uploads\/2018\/09\/P1060515-1-1000x750-640x480.jpg\" data-envira-gallery-id=\"2348\" data-envira-item-id=\"2359\" data-envira-caption=\"P1060515\" alt=\"\" title=\"P1060515\"  itemprop=\"thumbnailUrl\" data-envira-srcset=\"https:\/\/feuerwehr-eltmann.de\/wp-content\/uploads\/2018\/09\/P1060515-1-1000x750-640x480.jpg 400w,https:\/\/feuerwehr-eltmann.de\/wp-content\/uploads\/2018\/09\/P1060515-1-1000x750-640x480.jpg 2x\" data-envira-width=\"300\" data-envira-height=\"225\" srcset=\"data:image\/gif;base64,R0lGODlhAQABAIAAAP\/\/\/\/\/\/\/yH5BAEKAAEALAAAAAABAAEAAAICTAEAOw==\" data-safe-src=\"data:image\/gif;base64,R0lGODlhAQABAIAAAP\/\/\/\/\/\/\/yH5BAEKAAEALAAAAAABAAEAAAICTAEAOw==\" \/><\/a><\/div><\/div><div id=\"envira-gallery-item-2360\" class=\"envira-gallery-item enviratope-item envira-gallery-item-3 envira-lazy-load\" style=\"padding-left: 5px; padding-bottom: 10px; padding-right: 5px;\"  itemscope itemtype=\"https:\/\/schema.org\/ImageObject\"><div class=\"envira-gallery-item-inner\"><div class=\"envira-gallery-position-overlay  envira-gallery-top-left\"><\/div><div class=\"envira-gallery-position-overlay  envira-gallery-top-right\"><\/div><div class=\"envira-gallery-position-overlay  envira-gallery-bottom-left\"><\/div><div class=\"envira-gallery-position-overlay  envira-gallery-bottom-right\"><\/div><a href=\"https:\/\/feuerwehr-eltmann.de\/wp-content\/uploads\/2018\/09\/P1060516-1.jpg\" class=\"envira-gallery-2348 envira-gallery-link\" rel=\"enviragallery2348\" title=\"P1060516\" data-envira-caption=\"P1060516\" data-envira-retina=\"\" data-thumbnail=\"\"  itemprop=\"contentUrl\"><img decoding=\"async\" id=\"envira-gallery-image-2360\" class=\"envira-gallery-image envira-gallery-image-3 envira-normal envira-lazy\" data-envira-index=\"3\" src=\"https:\/\/feuerwehr-eltmann.de\/wp-content\/uploads\/2018\/09\/P1060516-1-1000x750-640x480.jpg\" data-envira-src=\"https:\/\/feuerwehr-eltmann.de\/wp-content\/uploads\/2018\/09\/P1060516-1-1000x750-640x480.jpg\" data-envira-gallery-id=\"2348\" data-envira-item-id=\"2360\" data-envira-caption=\"P1060516\" alt=\"\" title=\"P1060516\"  itemprop=\"thumbnailUrl\" data-envira-srcset=\"https:\/\/feuerwehr-eltmann.de\/wp-content\/uploads\/2018\/09\/P1060516-1-1000x750-640x480.jpg 400w,https:\/\/feuerwehr-eltmann.de\/wp-content\/uploads\/2018\/09\/P1060516-1-1000x750-640x480.jpg 2x\" data-envira-width=\"300\" data-envira-height=\"225\" srcset=\"data:image\/gif;base64,R0lGODlhAQABAIAAAP\/\/\/\/\/\/\/yH5BAEKAAEALAAAAAABAAEAAAICTAEAOw==\" data-safe-src=\"data:image\/gif;base64,R0lGODlhAQABAIAAAP\/\/\/\/\/\/\/yH5BAEKAAEALAAAAAABAAEAAAICTAEAOw==\" \/><\/a><\/div><\/div><div id=\"envira-gallery-item-2362\" class=\"envira-gallery-item enviratope-item envira-gallery-item-4 envira-lazy-load\" style=\"padding-left: 5px; padding-bottom: 10px; padding-right: 5px;\"  itemscope itemtype=\"https:\/\/schema.org\/ImageObject\"><div class=\"envira-gallery-item-inner\"><div class=\"envira-gallery-position-overlay  envira-gallery-top-left\"><\/div><div class=\"envira-gallery-position-overlay  envira-gallery-top-right\"><\/div><div class=\"envira-gallery-position-overlay  envira-gallery-bottom-left\"><\/div><div class=\"envira-gallery-position-overlay  envira-gallery-bottom-right\"><\/div><a href=\"https:\/\/feuerwehr-eltmann.de\/wp-content\/uploads\/2018\/09\/P1060520-1.jpg\" class=\"envira-gallery-2348 envira-gallery-link\" rel=\"enviragallery2348\" title=\"P1060520\" data-envira-caption=\"P1060520\" data-envira-retina=\"\" data-thumbnail=\"\"  itemprop=\"contentUrl\"><img decoding=\"async\" id=\"envira-gallery-image-2362\" class=\"envira-gallery-image envira-gallery-image-4 envira-normal envira-lazy\" data-envira-index=\"4\" src=\"https:\/\/feuerwehr-eltmann.de\/wp-content\/uploads\/2018\/09\/P1060520-1-1000x750-640x480.jpg\" data-envira-src=\"https:\/\/feuerwehr-eltmann.de\/wp-content\/uploads\/2018\/09\/P1060520-1-1000x750-640x480.jpg\" data-envira-gallery-id=\"2348\" data-envira-item-id=\"2362\" data-envira-caption=\"P1060520\" alt=\"\" title=\"P1060520\"  itemprop=\"thumbnailUrl\" data-envira-srcset=\"https:\/\/feuerwehr-eltmann.de\/wp-content\/uploads\/2018\/09\/P1060520-1-1000x750-640x480.jpg 400w,https:\/\/feuerwehr-eltmann.de\/wp-content\/uploads\/2018\/09\/P1060520-1-1000x750-640x480.jpg 2x\" data-envira-width=\"300\" data-envira-height=\"225\" srcset=\"data:image\/gif;base64,R0lGODlhAQABAIAAAP\/\/\/\/\/\/\/yH5BAEKAAEALAAAAAABAAEAAAICTAEAOw==\" data-safe-src=\"data:image\/gif;base64,R0lGODlhAQABAIAAAP\/\/\/\/\/\/\/yH5BAEKAAEALAAAAAABAAEAAAICTAEAOw==\" \/><\/a><\/div><\/div><div id=\"envira-gallery-item-2361\" class=\"envira-gallery-item enviratope-item envira-gallery-item-5 envira-lazy-load\" style=\"padding-left: 5px; padding-bottom: 10px; padding-right: 5px;\"  itemscope itemtype=\"https:\/\/schema.org\/ImageObject\"><div class=\"envira-gallery-item-inner\"><div class=\"envira-gallery-position-overlay  envira-gallery-top-left\"><\/div><div class=\"envira-gallery-position-overlay  envira-gallery-top-right\"><\/div><div class=\"envira-gallery-position-overlay  envira-gallery-bottom-left\"><\/div><div class=\"envira-gallery-position-overlay  envira-gallery-bottom-right\"><\/div><a href=\"https:\/\/feuerwehr-eltmann.de\/wp-content\/uploads\/2018\/09\/P1060519-1.jpg\" class=\"envira-gallery-2348 envira-gallery-link\" rel=\"enviragallery2348\" title=\"P1060519\" data-envira-caption=\"P1060519\" data-envira-retina=\"\" data-thumbnail=\"\"  itemprop=\"contentUrl\"><img decoding=\"async\" id=\"envira-gallery-image-2361\" class=\"envira-gallery-image envira-gallery-image-5 envira-normal envira-lazy\" data-envira-index=\"5\" src=\"https:\/\/feuerwehr-eltmann.de\/wp-content\/uploads\/2018\/09\/P1060519-1-1000x750-640x480.jpg\" data-envira-src=\"https:\/\/feuerwehr-eltmann.de\/wp-content\/uploads\/2018\/09\/P1060519-1-1000x750-640x480.jpg\" data-envira-gallery-id=\"2348\" data-envira-item-id=\"2361\" data-envira-caption=\"P1060519\" alt=\"\" title=\"P1060519\"  itemprop=\"thumbnailUrl\" data-envira-srcset=\"https:\/\/feuerwehr-eltmann.de\/wp-content\/uploads\/2018\/09\/P1060519-1-1000x750-640x480.jpg 400w,https:\/\/feuerwehr-eltmann.de\/wp-content\/uploads\/2018\/09\/P1060519-1-1000x750-640x480.jpg 2x\" data-envira-width=\"300\" data-envira-height=\"225\" srcset=\"data:image\/gif;base64,R0lGODlhAQABAIAAAP\/\/\/\/\/\/\/yH5BAEKAAEALAAAAAABAAEAAAICTAEAOw==\" data-safe-src=\"data:image\/gif;base64,R0lGODlhAQABAIAAAP\/\/\/\/\/\/\/yH5BAEKAAEALAAAAAABAAEAAAICTAEAOw==\" \/><\/a><\/div><\/div><div id=\"envira-gallery-item-2357\" class=\"envira-gallery-item enviratope-item envira-gallery-item-6 envira-lazy-load\" style=\"padding-left: 5px; padding-bottom: 10px; padding-right: 5px;\"  itemscope itemtype=\"https:\/\/schema.org\/ImageObject\"><div class=\"envira-gallery-item-inner\"><div class=\"envira-gallery-position-overlay  envira-gallery-top-left\"><\/div><div class=\"envira-gallery-position-overlay  envira-gallery-top-right\"><\/div><div class=\"envira-gallery-position-overlay  envira-gallery-bottom-left\"><\/div><div class=\"envira-gallery-position-overlay  envira-gallery-bottom-right\"><\/div><a href=\"https:\/\/feuerwehr-eltmann.de\/wp-content\/uploads\/2018\/09\/P1060512-1.jpg\" class=\"envira-gallery-2348 envira-gallery-link\" rel=\"enviragallery2348\" title=\"P1060512\" data-envira-caption=\"P1060512\" data-envira-retina=\"\" data-thumbnail=\"\"  itemprop=\"contentUrl\"><img decoding=\"async\" id=\"envira-gallery-image-2357\" class=\"envira-gallery-image envira-gallery-image-6 envira-normal envira-lazy\" data-envira-index=\"6\" src=\"https:\/\/feuerwehr-eltmann.de\/wp-content\/uploads\/2018\/09\/P1060512-1-1000x750-640x480.jpg\" data-envira-src=\"https:\/\/feuerwehr-eltmann.de\/wp-content\/uploads\/2018\/09\/P1060512-1-1000x750-640x480.jpg\" data-envira-gallery-id=\"2348\" data-envira-item-id=\"2357\" data-envira-caption=\"P1060512\" alt=\"\" title=\"P1060512\"  itemprop=\"thumbnailUrl\" data-envira-srcset=\"https:\/\/feuerwehr-eltmann.de\/wp-content\/uploads\/2018\/09\/P1060512-1-1000x750-640x480.jpg 400w,https:\/\/feuerwehr-eltmann.de\/wp-content\/uploads\/2018\/09\/P1060512-1-1000x750-640x480.jpg 2x\" data-envira-width=\"300\" data-envira-height=\"225\" srcset=\"data:image\/gif;base64,R0lGODlhAQABAIAAAP\/\/\/\/\/\/\/yH5BAEKAAEALAAAAAABAAEAAAICTAEAOw==\" data-safe-src=\"data:image\/gif;base64,R0lGODlhAQABAIAAAP\/\/\/\/\/\/\/yH5BAEKAAEALAAAAAABAAEAAAICTAEAOw==\" \/><\/a><\/div><\/div><div id=\"envira-gallery-item-2355\" class=\"envira-gallery-item enviratope-item envira-gallery-item-7 envira-lazy-load\" style=\"padding-left: 5px; padding-bottom: 10px; padding-right: 5px;\"  itemscope itemtype=\"https:\/\/schema.org\/ImageObject\"><div class=\"envira-gallery-item-inner\"><div class=\"envira-gallery-position-overlay  envira-gallery-top-left\"><\/div><div class=\"envira-gallery-position-overlay  envira-gallery-top-right\"><\/div><div class=\"envira-gallery-position-overlay  envira-gallery-bottom-left\"><\/div><div class=\"envira-gallery-position-overlay  envira-gallery-bottom-right\"><\/div><a href=\"https:\/\/feuerwehr-eltmann.de\/wp-content\/uploads\/2018\/09\/P1060509-1.jpg\" class=\"envira-gallery-2348 envira-gallery-link\" rel=\"enviragallery2348\" title=\"P1060509\" data-envira-caption=\"P1060509\" data-envira-retina=\"\" data-thumbnail=\"\"  itemprop=\"contentUrl\"><img decoding=\"async\" id=\"envira-gallery-image-2355\" class=\"envira-gallery-image envira-gallery-image-7 envira-normal envira-lazy\" data-envira-index=\"7\" src=\"https:\/\/feuerwehr-eltmann.de\/wp-content\/uploads\/2018\/09\/P1060509-1-1000x750-640x480.jpg\" data-envira-src=\"https:\/\/feuerwehr-eltmann.de\/wp-content\/uploads\/2018\/09\/P1060509-1-1000x750-640x480.jpg\" data-envira-gallery-id=\"2348\" data-envira-item-id=\"2355\" data-envira-caption=\"P1060509\" alt=\"\" title=\"P1060509\"  itemprop=\"thumbnailUrl\" data-envira-srcset=\"https:\/\/feuerwehr-eltmann.de\/wp-content\/uploads\/2018\/09\/P1060509-1-1000x750-640x480.jpg 400w,https:\/\/feuerwehr-eltmann.de\/wp-content\/uploads\/2018\/09\/P1060509-1-1000x750-640x480.jpg 2x\" data-envira-width=\"300\" data-envira-height=\"225\" srcset=\"data:image\/gif;base64,R0lGODlhAQABAIAAAP\/\/\/\/\/\/\/yH5BAEKAAEALAAAAAABAAEAAAICTAEAOw==\" data-safe-src=\"data:image\/gif;base64,R0lGODlhAQABAIAAAP\/\/\/\/\/\/\/yH5BAEKAAEALAAAAAABAAEAAAICTAEAOw==\" \/><\/a><\/div><\/div><div id=\"envira-gallery-item-2363\" class=\"envira-gallery-item enviratope-item envira-gallery-item-8 envira-lazy-load\" style=\"padding-left: 5px; padding-bottom: 10px; padding-right: 5px;\"  itemscope itemtype=\"https:\/\/schema.org\/ImageObject\"><div class=\"envira-gallery-item-inner\"><div class=\"envira-gallery-position-overlay  envira-gallery-top-left\"><\/div><div class=\"envira-gallery-position-overlay  envira-gallery-top-right\"><\/div><div class=\"envira-gallery-position-overlay  envira-gallery-bottom-left\"><\/div><div class=\"envira-gallery-position-overlay  envira-gallery-bottom-right\"><\/div><a href=\"https:\/\/feuerwehr-eltmann.de\/wp-content\/uploads\/2018\/09\/P1060521-1.jpg\" class=\"envira-gallery-2348 envira-gallery-link\" rel=\"enviragallery2348\" title=\"P1060521\" data-envira-caption=\"P1060521\" data-envira-retina=\"\" data-thumbnail=\"\"  itemprop=\"contentUrl\"><img decoding=\"async\" id=\"envira-gallery-image-2363\" class=\"envira-gallery-image envira-gallery-image-8 envira-normal envira-lazy\" data-envira-index=\"8\" src=\"https:\/\/feuerwehr-eltmann.de\/wp-content\/uploads\/2018\/09\/P1060521-1-750x1000-640x480.jpg\" data-envira-src=\"https:\/\/feuerwehr-eltmann.de\/wp-content\/uploads\/2018\/09\/P1060521-1-750x1000-640x480.jpg\" data-envira-gallery-id=\"2348\" data-envira-item-id=\"2363\" data-envira-caption=\"P1060521\" alt=\"\" title=\"P1060521\"  itemprop=\"thumbnailUrl\" data-envira-srcset=\"https:\/\/feuerwehr-eltmann.de\/wp-content\/uploads\/2018\/09\/P1060521-1-750x1000-640x480.jpg 400w,https:\/\/feuerwehr-eltmann.de\/wp-content\/uploads\/2018\/09\/P1060521-1-750x1000-640x480.jpg 2x\" data-envira-width=\"225\" data-envira-height=\"300\" srcset=\"data:image\/gif;base64,R0lGODlhAQABAIAAAP\/\/\/\/\/\/\/yH5BAEKAAEALAAAAAABAAEAAAICTAEAOw==\" data-safe-src=\"data:image\/gif;base64,R0lGODlhAQABAIAAAP\/\/\/\/\/\/\/yH5BAEKAAEALAAAAAABAAEAAAICTAEAOw==\" \/><\/a><\/div><\/div><\/div><\/div><noscript><img decoding=\"async\" src=\"https:\/\/feuerwehr-eltmann.de\/wp-content\/uploads\/2018\/09\/P1060514-1.jpg\" alt=\"\" \/><img decoding=\"async\" src=\"https:\/\/feuerwehr-eltmann.de\/wp-content\/uploads\/2018\/09\/P1060515-1.jpg\" alt=\"\" \/><img decoding=\"async\" src=\"https:\/\/feuerwehr-eltmann.de\/wp-content\/uploads\/2018\/09\/P1060516-1.jpg\" alt=\"\" \/><img decoding=\"async\" src=\"https:\/\/feuerwehr-eltmann.de\/wp-content\/uploads\/2018\/09\/P1060520-1.jpg\" alt=\"\" \/><img decoding=\"async\" src=\"https:\/\/feuerwehr-eltmann.de\/wp-content\/uploads\/2018\/09\/P1060519-1.jpg\" alt=\"\" \/><img decoding=\"async\" src=\"https:\/\/feuerwehr-eltmann.de\/wp-content\/uploads\/2018\/09\/P1060512-1.jpg\" alt=\"\" \/><img decoding=\"async\" src=\"https:\/\/feuerwehr-eltmann.de\/wp-content\/uploads\/2018\/09\/P1060509-1.jpg\" alt=\"\" \/><img decoding=\"async\" src=\"https:\/\/feuerwehr-eltmann.de\/wp-content\/uploads\/2018\/09\/P1060521-1.jpg\" alt=\"\" \/><\/noscript><\/p>\n","protected":false},"excerpt":{"rendered":"<p>Zur Ausstattung des L\u00f6schgruppenfahrzeugs geh\u00f6ren zur Brandbek\u00e4mpfung vier Atemschutzger\u00e4te, die Schnellangriffseinrichtung mit C- und D-Hohlstrahlrohr, Schaummittel, sowie der 600 Liter Wassertank. Die THL-Komponente, bestehend aus Rettungssatz mit Rettungszylinder und R\u00fcstholz sorgt daf\u00fcr, dass das LF 8\/6 neben dem L\u00f6schzug auch &hellip; <a href=\"https:\/\/feuerwehr-eltmann.de\/?page_id=2282\">Weiterlesen <span class=\"meta-nav\">&rarr;<\/span><\/a><\/p>\n","protected":false},"author":2,"featured_media":0,"parent":1067,"menu_order":0,"comment_status":"closed","ping_status":"closed","template":"","meta":{"_mc_calendar":[],"footnotes":""},"class_list":["post-2282","page","type-page","status-publish","hentry"],"_links":{"self":[{"href":"https:\/\/feuerwehr-eltmann.de\/index.php?rest_route=\/wp\/v2\/pages\/2282","targetHints":{"allow":["GET"]}}],"collection":[{"href":"https:\/\/feuerwehr-eltmann.de\/index.php?rest_route=\/wp\/v2\/pages"}],"about":[{"href":"https:\/\/feuerwehr-eltmann.de\/index.php?rest_route=\/wp\/v2\/types\/page"}],"author":[{"embeddable":true,"href":"https:\/\/feuerwehr-eltmann.de\/index.php?rest_route=\/wp\/v2\/users\/2"}],"replies":[{"embeddable":true,"href":"https:\/\/feuerwehr-eltmann.de\/index.php?rest_route=%2Fwp%2Fv2%2Fcomments&post=2282"}],"version-history":[{"count":5,"href":"https:\/\/feuerwehr-eltmann.de\/index.php?rest_route=\/wp\/v2\/pages\/2282\/revisions"}],"predecessor-version":[{"id":2364,"href":"https:\/\/feuerwehr-eltmann.de\/index.php?rest_route=\/wp\/v2\/pages\/2282\/revisions\/2364"}],"up":[{"embeddable":true,"href":"https:\/\/feuerwehr-eltmann.de\/index.php?rest_route=\/wp\/v2\/pages\/1067"}],"wp:attachment":[{"href":"https:\/\/feuerwehr-eltmann.de\/index.php?rest_route=%2Fwp%2Fv2%2Fmedia&parent=2282"}],"curies":[{"name":"wp","href":"https:\/\/api.w.org\/{rel}","templated":true}]}}