{"id":2609,"date":"2019-01-30T20:41:47","date_gmt":"2019-01-30T19:41:47","guid":{"rendered":"http:\/\/feuerwehr-eltmann.de\/?page_id=2609"},"modified":"2020-07-12T13:11:25","modified_gmt":"2020-07-12T11:11:25","slug":"kdow-kommandowagen-2","status":"publish","type":"page","link":"https:\/\/feuerwehr-eltmann.de\/?page_id=2609","title":{"rendered":"ELW 1 &#8211; Einsatzleitwagen"},"content":{"rendered":"\n<p>Der Einsatzleitwagen bringt den Kommandant bzw. Zugf\u00fchrer zur Einsatzstelle und f\u00e4hrt bei jedem Einsatz mit. Der Kommandant\/Zugf\u00fchrer gewinnt durch das schnelle Ausr\u00fccken wertvolle Zeit und kann so eine erste Erkundung vornehmen.<\/p>\n\n\n\n<p>Das Fahrzeug steht zus\u00e4tzlich als mobile Kommandozentrale zur Verf\u00fcgung. Bei gr\u00f6\u00dferen Eins\u00e4tzen finden sich zwei Kameraden in dem Fahrzeug ein und \u00fcbernehmen die Einsatzdokumentation sowie die Kommunikation zwischen Einsatzleitung und anderen Einheiten und Organisationen. <\/p>\n\n\n\n<p>Neben technischen Ausstattungen wie GPS und GSM Antenne, sowie eine zweite Funk-Sprechstelle sind einsatztaktische Hilfsmittel mit an Board. So kann im Fahrzeugheck eine Ablage mit Whiteboard ausgezogen werden, welche bei der Einsatzplanung unterst\u00fctzt. Ebenso steht dem Einsatzleiter ein Tablet zur Verf\u00fcgung, auf dem neben spezifische Einsatzdaten auch digitales Kartenmaterial und hilfreiche Rettungskarten abrufbar sind. <br><\/p>\n\n\n\n<h2 class=\"wp-block-heading\">Technische Daten<\/h2>\n\n\n\n<table id=\"tablepress-beladung_kdow\" class=\"tablepress tablepress-id-beladung_kdow\">\n<tbody class=\"row-hover\">\n<tr class=\"row-1\">\n\t<td class=\"column-1\">Fahrgestell<\/td><td class=\"column-2\">Mercedes Vito<\/td>\n<\/tr>\n<tr class=\"row-2\">\n\t<td class=\"column-1\">Leistung<\/td><td class=\"column-2\">110 kW<\/td>\n<\/tr>\n<tr class=\"row-3\">\n\t<td class=\"column-1\">Baujahr<\/td><td class=\"column-2\">2009<\/td>\n<\/tr>\n<tr class=\"row-4\">\n\t<td class=\"column-1\">Besatzung<\/td><td class=\"column-2\">1\/4<\/td>\n<\/tr>\n<tr class=\"row-5\">\n\t<td class=\"column-1\">Ausstattung<\/td><td class=\"column-2\">- Allrad<br \/>\n- Standheizung<br \/>\n- Dockingstation Laptop<br \/>\n- GPS Modul<br \/>\n- GSM Antenne<br \/>\n- Whiteboard<\/td>\n<\/tr>\n<tr class=\"row-6\">\n\t<td class=\"column-1\">Besondere Beladung<\/td><td class=\"column-2\">- Objekt-Unterlagen<br \/>\n- Erste-Hilfe Notfalltasche<br \/>\n- Personendosimeter<br \/>\n- Strahlungsmessger\u00e4te<br \/>\n- Gaswarn- und Messger\u00e4te<br \/>\n- Unterlagen Gefahrgut<br \/>\n- AED<br \/>\n- Leitkegel, Faltdreieck<br \/>\n- Feuerl\u00f6scher<br \/>\n- W\u00e4rmebildkamera<\/td>\n<\/tr>\n<\/tbody>\n<\/table>\n<!-- #tablepress-beladung_kdow from cache -->\n\n\n\n<div id=\"envira-gallery-wrap-2596\" class=\"envira-gallery-wrap envira-gallery-theme-base envira-lightbox-theme-base\" itemscope itemtype=\"https:\/\/schema.org\/ImageGallery\"><div data-row-height=\"150\" data-gallery-theme=\"normal\" id=\"envira-gallery-2596\" class=\"envira-gallery-public envira-gallery-justified-public envira-gallery-0-columns envira-clear enviratope envira-gallery-css-animations\" data-envira-columns=\"0\"><div id=\"envira-gallery-item-2597\" class=\"envira-gallery-item enviratope-item envira-gallery-item-1 envira-lazy-load\" style=\"padding-left: 5px; padding-bottom: 10px; padding-right: 5px;\"  itemscope itemtype=\"https:\/\/schema.org\/ImageObject\"><div class=\"envira-gallery-item-inner\"><div class=\"envira-gallery-position-overlay  envira-gallery-top-left\"><\/div><div class=\"envira-gallery-position-overlay  envira-gallery-top-right\"><\/div><div class=\"envira-gallery-position-overlay  envira-gallery-bottom-left\"><\/div><div class=\"envira-gallery-position-overlay  envira-gallery-bottom-right\"><\/div><a href=\"https:\/\/feuerwehr-eltmann.de\/wp-content\/uploads\/2019\/01\/P1060738.jpg\" class=\"envira-gallery-2596 envira-gallery-link\" rel=\"enviragallery2596\" title=\"P1060738\" data-envira-caption=\"P1060738\" data-envira-retina=\"\" data-thumbnail=\"\"  itemprop=\"contentUrl\"><img decoding=\"async\" id=\"envira-gallery-image-2597\" class=\"envira-gallery-image envira-gallery-image-1 envira-normal envira-lazy\" data-envira-index=\"1\" src=\"https:\/\/feuerwehr-eltmann.de\/wp-content\/uploads\/2019\/01\/P1060738-640x480.jpg\" data-envira-src=\"https:\/\/feuerwehr-eltmann.de\/wp-content\/uploads\/2019\/01\/P1060738-640x480.jpg\" data-envira-gallery-id=\"2596\" data-envira-item-id=\"2597\" data-envira-caption=\"P1060738\" alt=\"\" title=\"P1060738\"  itemprop=\"thumbnailUrl\" data-envira-srcset=\"https:\/\/feuerwehr-eltmann.de\/wp-content\/uploads\/2019\/01\/P1060738-640x480.jpg 400w,https:\/\/feuerwehr-eltmann.de\/wp-content\/uploads\/2019\/01\/P1060738-640x480.jpg 2x\" data-envira-width=\"300\" data-envira-height=\"225\" srcset=\"data:image\/gif;base64,R0lGODlhAQABAIAAAP\/\/\/\/\/\/\/yH5BAEKAAEALAAAAAABAAEAAAICTAEAOw==\" data-safe-src=\"data:image\/gif;base64,R0lGODlhAQABAIAAAP\/\/\/\/\/\/\/yH5BAEKAAEALAAAAAABAAEAAAICTAEAOw==\" \/><\/a><\/div><\/div><div id=\"envira-gallery-item-2598\" class=\"envira-gallery-item enviratope-item envira-gallery-item-2 envira-lazy-load\" style=\"padding-left: 5px; padding-bottom: 10px; padding-right: 5px;\"  itemscope itemtype=\"https:\/\/schema.org\/ImageObject\"><div class=\"envira-gallery-item-inner\"><div class=\"envira-gallery-position-overlay  envira-gallery-top-left\"><\/div><div class=\"envira-gallery-position-overlay  envira-gallery-top-right\"><\/div><div class=\"envira-gallery-position-overlay  envira-gallery-bottom-left\"><\/div><div class=\"envira-gallery-position-overlay  envira-gallery-bottom-right\"><\/div><a href=\"https:\/\/feuerwehr-eltmann.de\/wp-content\/uploads\/2019\/01\/P1060741.jpg\" class=\"envira-gallery-2596 envira-gallery-link\" rel=\"enviragallery2596\" title=\"P1060741\" data-envira-caption=\"P1060741\" data-envira-retina=\"\" data-thumbnail=\"\"  itemprop=\"contentUrl\"><img decoding=\"async\" id=\"envira-gallery-image-2598\" class=\"envira-gallery-image envira-gallery-image-2 envira-normal envira-lazy\" data-envira-index=\"2\" src=\"https:\/\/feuerwehr-eltmann.de\/wp-content\/uploads\/2019\/01\/P1060741-640x480.jpg\" data-envira-src=\"https:\/\/feuerwehr-eltmann.de\/wp-content\/uploads\/2019\/01\/P1060741-640x480.jpg\" data-envira-gallery-id=\"2596\" data-envira-item-id=\"2598\" data-envira-caption=\"P1060741\" alt=\"\" title=\"P1060741\"  itemprop=\"thumbnailUrl\" data-envira-srcset=\"https:\/\/feuerwehr-eltmann.de\/wp-content\/uploads\/2019\/01\/P1060741-640x480.jpg 400w,https:\/\/feuerwehr-eltmann.de\/wp-content\/uploads\/2019\/01\/P1060741-640x480.jpg 2x\" data-envira-width=\"300\" data-envira-height=\"225\" srcset=\"data:image\/gif;base64,R0lGODlhAQABAIAAAP\/\/\/\/\/\/\/yH5BAEKAAEALAAAAAABAAEAAAICTAEAOw==\" data-safe-src=\"data:image\/gif;base64,R0lGODlhAQABAIAAAP\/\/\/\/\/\/\/yH5BAEKAAEALAAAAAABAAEAAAICTAEAOw==\" \/><\/a><\/div><\/div><div id=\"envira-gallery-item-2599\" class=\"envira-gallery-item enviratope-item envira-gallery-item-3 envira-lazy-load\" style=\"padding-left: 5px; padding-bottom: 10px; padding-right: 5px;\"  itemscope itemtype=\"https:\/\/schema.org\/ImageObject\"><div class=\"envira-gallery-item-inner\"><div class=\"envira-gallery-position-overlay  envira-gallery-top-left\"><\/div><div class=\"envira-gallery-position-overlay  envira-gallery-top-right\"><\/div><div class=\"envira-gallery-position-overlay  envira-gallery-bottom-left\"><\/div><div class=\"envira-gallery-position-overlay  envira-gallery-bottom-right\"><\/div><a href=\"https:\/\/feuerwehr-eltmann.de\/wp-content\/uploads\/2019\/01\/P1060744.jpg\" class=\"envira-gallery-2596 envira-gallery-link\" rel=\"enviragallery2596\" title=\"P1060744\" data-envira-caption=\"P1060744\" data-envira-retina=\"\" data-thumbnail=\"\"  itemprop=\"contentUrl\"><img decoding=\"async\" id=\"envira-gallery-image-2599\" class=\"envira-gallery-image envira-gallery-image-3 envira-normal envira-lazy\" data-envira-index=\"3\" src=\"https:\/\/feuerwehr-eltmann.de\/wp-content\/uploads\/2019\/01\/P1060744-640x480.jpg\" data-envira-src=\"https:\/\/feuerwehr-eltmann.de\/wp-content\/uploads\/2019\/01\/P1060744-640x480.jpg\" data-envira-gallery-id=\"2596\" data-envira-item-id=\"2599\" data-envira-caption=\"P1060744\" alt=\"\" title=\"P1060744\"  itemprop=\"thumbnailUrl\" data-envira-srcset=\"https:\/\/feuerwehr-eltmann.de\/wp-content\/uploads\/2019\/01\/P1060744-640x480.jpg 400w,https:\/\/feuerwehr-eltmann.de\/wp-content\/uploads\/2019\/01\/P1060744-640x480.jpg 2x\" data-envira-width=\"300\" data-envira-height=\"225\" srcset=\"data:image\/gif;base64,R0lGODlhAQABAIAAAP\/\/\/\/\/\/\/yH5BAEKAAEALAAAAAABAAEAAAICTAEAOw==\" data-safe-src=\"data:image\/gif;base64,R0lGODlhAQABAIAAAP\/\/\/\/\/\/\/yH5BAEKAAEALAAAAAABAAEAAAICTAEAOw==\" \/><\/a><\/div><\/div><div id=\"envira-gallery-item-2601\" class=\"envira-gallery-item enviratope-item envira-gallery-item-4 envira-lazy-load\" style=\"padding-left: 5px; padding-bottom: 10px; padding-right: 5px;\"  itemscope itemtype=\"https:\/\/schema.org\/ImageObject\"><div class=\"envira-gallery-item-inner\"><div class=\"envira-gallery-position-overlay  envira-gallery-top-left\"><\/div><div class=\"envira-gallery-position-overlay  envira-gallery-top-right\"><\/div><div class=\"envira-gallery-position-overlay  envira-gallery-bottom-left\"><\/div><div class=\"envira-gallery-position-overlay  envira-gallery-bottom-right\"><\/div><a href=\"https:\/\/feuerwehr-eltmann.de\/wp-content\/uploads\/2019\/01\/P1060746.jpg\" class=\"envira-gallery-2596 envira-gallery-link\" rel=\"enviragallery2596\" title=\"P1060746\" data-envira-caption=\"P1060746\" data-envira-retina=\"\" data-thumbnail=\"\"  itemprop=\"contentUrl\"><img decoding=\"async\" id=\"envira-gallery-image-2601\" class=\"envira-gallery-image envira-gallery-image-4 envira-normal envira-lazy\" data-envira-index=\"4\" src=\"https:\/\/feuerwehr-eltmann.de\/wp-content\/uploads\/2019\/01\/P1060746-640x480.jpg\" data-envira-src=\"https:\/\/feuerwehr-eltmann.de\/wp-content\/uploads\/2019\/01\/P1060746-640x480.jpg\" data-envira-gallery-id=\"2596\" data-envira-item-id=\"2601\" data-envira-caption=\"P1060746\" alt=\"\" title=\"P1060746\"  itemprop=\"thumbnailUrl\" data-envira-srcset=\"https:\/\/feuerwehr-eltmann.de\/wp-content\/uploads\/2019\/01\/P1060746-640x480.jpg 400w,https:\/\/feuerwehr-eltmann.de\/wp-content\/uploads\/2019\/01\/P1060746-640x480.jpg 2x\" data-envira-width=\"300\" data-envira-height=\"225\" srcset=\"data:image\/gif;base64,R0lGODlhAQABAIAAAP\/\/\/\/\/\/\/yH5BAEKAAEALAAAAAABAAEAAAICTAEAOw==\" data-safe-src=\"data:image\/gif;base64,R0lGODlhAQABAIAAAP\/\/\/\/\/\/\/yH5BAEKAAEALAAAAAABAAEAAAICTAEAOw==\" \/><\/a><\/div><\/div><div id=\"envira-gallery-item-2600\" class=\"envira-gallery-item enviratope-item envira-gallery-item-5 envira-lazy-load\" style=\"padding-left: 5px; padding-bottom: 10px; padding-right: 5px;\"  itemscope itemtype=\"https:\/\/schema.org\/ImageObject\"><div class=\"envira-gallery-item-inner\"><div class=\"envira-gallery-position-overlay  envira-gallery-top-left\"><\/div><div class=\"envira-gallery-position-overlay  envira-gallery-top-right\"><\/div><div class=\"envira-gallery-position-overlay  envira-gallery-bottom-left\"><\/div><div class=\"envira-gallery-position-overlay  envira-gallery-bottom-right\"><\/div><a href=\"https:\/\/feuerwehr-eltmann.de\/wp-content\/uploads\/2019\/01\/P1060745.jpg\" class=\"envira-gallery-2596 envira-gallery-link\" rel=\"enviragallery2596\" title=\"P1060745\" data-envira-caption=\"P1060745\" data-envira-retina=\"\" data-thumbnail=\"\"  itemprop=\"contentUrl\"><img decoding=\"async\" id=\"envira-gallery-image-2600\" class=\"envira-gallery-image envira-gallery-image-5 envira-normal envira-lazy\" data-envira-index=\"5\" src=\"https:\/\/feuerwehr-eltmann.de\/wp-content\/uploads\/2019\/01\/P1060745-640x480.jpg\" data-envira-src=\"https:\/\/feuerwehr-eltmann.de\/wp-content\/uploads\/2019\/01\/P1060745-640x480.jpg\" data-envira-gallery-id=\"2596\" data-envira-item-id=\"2600\" data-envira-caption=\"P1060745\" alt=\"\" title=\"P1060745\"  itemprop=\"thumbnailUrl\" data-envira-srcset=\"https:\/\/feuerwehr-eltmann.de\/wp-content\/uploads\/2019\/01\/P1060745-640x480.jpg 400w,https:\/\/feuerwehr-eltmann.de\/wp-content\/uploads\/2019\/01\/P1060745-640x480.jpg 2x\" data-envira-width=\"225\" data-envira-height=\"300\" srcset=\"data:image\/gif;base64,R0lGODlhAQABAIAAAP\/\/\/\/\/\/\/yH5BAEKAAEALAAAAAABAAEAAAICTAEAOw==\" data-safe-src=\"data:image\/gif;base64,R0lGODlhAQABAIAAAP\/\/\/\/\/\/\/yH5BAEKAAEALAAAAAABAAEAAAICTAEAOw==\" \/><\/a><\/div><\/div><div id=\"envira-gallery-item-2602\" class=\"envira-gallery-item enviratope-item envira-gallery-item-6 envira-lazy-load\" style=\"padding-left: 5px; padding-bottom: 10px; padding-right: 5px;\"  itemscope itemtype=\"https:\/\/schema.org\/ImageObject\"><div class=\"envira-gallery-item-inner\"><div class=\"envira-gallery-position-overlay  envira-gallery-top-left\"><\/div><div class=\"envira-gallery-position-overlay  envira-gallery-top-right\"><\/div><div class=\"envira-gallery-position-overlay  envira-gallery-bottom-left\"><\/div><div class=\"envira-gallery-position-overlay  envira-gallery-bottom-right\"><\/div><a href=\"https:\/\/feuerwehr-eltmann.de\/wp-content\/uploads\/2019\/01\/P1060754.jpg\" class=\"envira-gallery-2596 envira-gallery-link\" rel=\"enviragallery2596\" title=\"P1060754\" data-envira-caption=\"P1060754\" data-envira-retina=\"\" data-thumbnail=\"\"  itemprop=\"contentUrl\"><img decoding=\"async\" id=\"envira-gallery-image-2602\" class=\"envira-gallery-image envira-gallery-image-6 envira-normal envira-lazy\" data-envira-index=\"6\" src=\"https:\/\/feuerwehr-eltmann.de\/wp-content\/uploads\/2019\/01\/P1060754-640x480.jpg\" data-envira-src=\"https:\/\/feuerwehr-eltmann.de\/wp-content\/uploads\/2019\/01\/P1060754-640x480.jpg\" data-envira-gallery-id=\"2596\" data-envira-item-id=\"2602\" data-envira-caption=\"P1060754\" alt=\"\" title=\"P1060754\"  itemprop=\"thumbnailUrl\" data-envira-srcset=\"https:\/\/feuerwehr-eltmann.de\/wp-content\/uploads\/2019\/01\/P1060754-640x480.jpg 400w,https:\/\/feuerwehr-eltmann.de\/wp-content\/uploads\/2019\/01\/P1060754-640x480.jpg 2x\" data-envira-width=\"300\" data-envira-height=\"225\" srcset=\"data:image\/gif;base64,R0lGODlhAQABAIAAAP\/\/\/\/\/\/\/yH5BAEKAAEALAAAAAABAAEAAAICTAEAOw==\" data-safe-src=\"data:image\/gif;base64,R0lGODlhAQABAIAAAP\/\/\/\/\/\/\/yH5BAEKAAEALAAAAAABAAEAAAICTAEAOw==\" \/><\/a><\/div><\/div><div id=\"envira-gallery-item-2603\" class=\"envira-gallery-item enviratope-item envira-gallery-item-7 envira-lazy-load\" style=\"padding-left: 5px; padding-bottom: 10px; padding-right: 5px;\"  itemscope itemtype=\"https:\/\/schema.org\/ImageObject\"><div class=\"envira-gallery-item-inner\"><div class=\"envira-gallery-position-overlay  envira-gallery-top-left\"><\/div><div class=\"envira-gallery-position-overlay  envira-gallery-top-right\"><\/div><div class=\"envira-gallery-position-overlay  envira-gallery-bottom-left\"><\/div><div class=\"envira-gallery-position-overlay  envira-gallery-bottom-right\"><\/div><a href=\"https:\/\/feuerwehr-eltmann.de\/wp-content\/uploads\/2019\/01\/P1060758.jpg\" class=\"envira-gallery-2596 envira-gallery-link\" rel=\"enviragallery2596\" title=\"P1060758\" data-envira-caption=\"P1060758\" data-envira-retina=\"\" data-thumbnail=\"\"  itemprop=\"contentUrl\"><img decoding=\"async\" id=\"envira-gallery-image-2603\" class=\"envira-gallery-image envira-gallery-image-7 envira-normal envira-lazy\" data-envira-index=\"7\" src=\"https:\/\/feuerwehr-eltmann.de\/wp-content\/uploads\/2019\/01\/P1060758-640x480.jpg\" data-envira-src=\"https:\/\/feuerwehr-eltmann.de\/wp-content\/uploads\/2019\/01\/P1060758-640x480.jpg\" data-envira-gallery-id=\"2596\" data-envira-item-id=\"2603\" data-envira-caption=\"P1060758\" alt=\"\" title=\"P1060758\"  itemprop=\"thumbnailUrl\" data-envira-srcset=\"https:\/\/feuerwehr-eltmann.de\/wp-content\/uploads\/2019\/01\/P1060758-640x480.jpg 400w,https:\/\/feuerwehr-eltmann.de\/wp-content\/uploads\/2019\/01\/P1060758-640x480.jpg 2x\" data-envira-width=\"300\" data-envira-height=\"225\" srcset=\"data:image\/gif;base64,R0lGODlhAQABAIAAAP\/\/\/\/\/\/\/yH5BAEKAAEALAAAAAABAAEAAAICTAEAOw==\" data-safe-src=\"data:image\/gif;base64,R0lGODlhAQABAIAAAP\/\/\/\/\/\/\/yH5BAEKAAEALAAAAAABAAEAAAICTAEAOw==\" \/><\/a><\/div><\/div><\/div><\/div><noscript><img decoding=\"async\" src=\"https:\/\/feuerwehr-eltmann.de\/wp-content\/uploads\/2019\/01\/P1060738.jpg\" alt=\"\" \/><img decoding=\"async\" src=\"https:\/\/feuerwehr-eltmann.de\/wp-content\/uploads\/2019\/01\/P1060741.jpg\" alt=\"\" \/><img decoding=\"async\" src=\"https:\/\/feuerwehr-eltmann.de\/wp-content\/uploads\/2019\/01\/P1060744.jpg\" alt=\"\" \/><img decoding=\"async\" src=\"https:\/\/feuerwehr-eltmann.de\/wp-content\/uploads\/2019\/01\/P1060746.jpg\" alt=\"\" \/><img decoding=\"async\" src=\"https:\/\/feuerwehr-eltmann.de\/wp-content\/uploads\/2019\/01\/P1060745.jpg\" alt=\"\" \/><img decoding=\"async\" src=\"https:\/\/feuerwehr-eltmann.de\/wp-content\/uploads\/2019\/01\/P1060754.jpg\" alt=\"\" \/><img decoding=\"async\" src=\"https:\/\/feuerwehr-eltmann.de\/wp-content\/uploads\/2019\/01\/P1060758.jpg\" alt=\"\" \/><\/noscript>\n","protected":false},"excerpt":{"rendered":"<p>Der Einsatzleitwagen bringt den Kommandant bzw. Zugf\u00fchrer zur Einsatzstelle und f\u00e4hrt bei jedem Einsatz mit. Der Kommandant\/Zugf\u00fchrer gewinnt durch das schnelle Ausr\u00fccken wertvolle Zeit und kann so eine erste Erkundung vornehmen. Das Fahrzeug steht zus\u00e4tzlich als mobile Kommandozentrale zur Verf\u00fcgung. &hellip; <a href=\"https:\/\/feuerwehr-eltmann.de\/?page_id=2609\">Weiterlesen <span class=\"meta-nav\">&rarr;<\/span><\/a><\/p>\n","protected":false},"author":2,"featured_media":0,"parent":1067,"menu_order":0,"comment_status":"closed","ping_status":"closed","template":"","meta":{"_mc_calendar":[],"footnotes":""},"class_list":["post-2609","page","type-page","status-publish","hentry"],"_links":{"self":[{"href":"https:\/\/feuerwehr-eltmann.de\/index.php?rest_route=\/wp\/v2\/pages\/2609","targetHints":{"allow":["GET"]}}],"collection":[{"href":"https:\/\/feuerwehr-eltmann.de\/index.php?rest_route=\/wp\/v2\/pages"}],"about":[{"href":"https:\/\/feuerwehr-eltmann.de\/index.php?rest_route=\/wp\/v2\/types\/page"}],"author":[{"embeddable":true,"href":"https:\/\/feuerwehr-eltmann.de\/index.php?rest_route=\/wp\/v2\/users\/2"}],"replies":[{"embeddable":true,"href":"https:\/\/feuerwehr-eltmann.de\/index.php?rest_route=%2Fwp%2Fv2%2Fcomments&post=2609"}],"version-history":[{"count":5,"href":"https:\/\/feuerwehr-eltmann.de\/index.php?rest_route=\/wp\/v2\/pages\/2609\/revisions"}],"predecessor-version":[{"id":3390,"href":"https:\/\/feuerwehr-eltmann.de\/index.php?rest_route=\/wp\/v2\/pages\/2609\/revisions\/3390"}],"up":[{"embeddable":true,"href":"https:\/\/feuerwehr-eltmann.de\/index.php?rest_route=\/wp\/v2\/pages\/1067"}],"wp:attachment":[{"href":"https:\/\/feuerwehr-eltmann.de\/index.php?rest_route=%2Fwp%2Fv2%2Fmedia&parent=2609"}],"curies":[{"name":"wp","href":"https:\/\/api.w.org\/{rel}","templated":true}]}}