{"id":290,"date":"2017-07-25T08:13:13","date_gmt":"2017-07-25T06:13:13","guid":{"rendered":"http:\/\/feuerwehr-eltmann.de\/?page_id=290"},"modified":"2017-10-30T19:28:47","modified_gmt":"2017-10-30T18:28:47","slug":"chronik","status":"publish","type":"page","link":"https:\/\/feuerwehr-eltmann.de\/?page_id=290","title":{"rendered":"Geschichte"},"content":{"rendered":"<h2><em>Gr\u00fcndungsphase &#8230;<\/em><\/h2>\n<p>Die Feuerwehr Eltmann wurde am 16.1.1870 gegr\u00fcndet. Damalige Gr\u00fcndungsmitglieder waren <strong>Amschler<\/strong>, <strong>Bachmann<\/strong>, <strong>Zehentner<\/strong>, <strong>Heusinger<\/strong> und <strong>Engelbrecht<\/strong>, welcher zugleich das Amt des ersten Kommandanten \u00fcbernahm. Im Folgejahre teilte das k\u00f6nigliche IX. Infanterieregiment 50 Lederhelme zu und die erste Feuerspritze wurde angeschafft. Im Jahr 1872 konnte eine erste Schiebeleiter von Magirus aus Ulm angeschafft werden. Um den Brandschutz der Stadt Eltmann sicherzustellen, wurde 1884 die Pflichtwehr eingef\u00fchrt.<\/p>\n<h2 style=\"text-align: center;\"><em>&#8230; die Sechziger &#8230;<\/em><\/h2>\n<p>Im Jahr 1958 entschied sich der Stadtrat zum Neubau einer Feuerwehrhalle mit Schlauchtrockenturm im Rathaus der Stadt Eltmann. In Eltmann wurde im Jahr 1963 der Luftschutzhilfsdienst aufgebaut. Ein Jahr sp\u00e4ter stationierte der Bund ein Tankl\u00f6schfahrzeug TLF 8 sowie ein Vorauseinsatzfahrzeug VLF in Eltmann. Zu dieser Zeit z\u00e4hlte die Feuerwehr Eltmann zu einer der St\u00fctzpunktwehren im Landkreis Ha\u00dfberge. Neben der FF Eltmann waren die FF Ha\u00dffurt, FF Ebern, FF Hofheim und FF Zeil am Main weitere St\u00fctzpunktwehren des Landkreises.<\/p>\n<p>Vom 3. Juli bis 5. Juli 1970 fand das 100-j\u00e4hrige Stiftungsfest mit Kreisfeuerwehrtag statt. Das Fest wurde zum Anlass genommen ein neues L\u00f6schfahrzeug LF 8 der Feuerwehr zu \u00fcbergeben. 15 Jahre sp\u00e4ter (1985) feierte die Stadt Eltmann 650-j\u00e4hriges Jubil\u00e4um, wo sogleich eine Fahne angeschafft wurde.<\/p>\n<p>Der Fuhrpark wurde 1987 mit einem R\u00fcstwagen RW 1 sowie einem neuen L\u00f6schfahrzeug LF 16 TS erweitert. Zwei Jahre sp\u00e4ter zieht die Feuerwehr an den jetzigen Standort unter die Stadthalle. Im Rahmen der Einweihung des neuen Ger\u00e4tehauses wurde ein neues Tankl\u00f6schfahrzeug TLF 16\/25 \u00fcbergeben, welche bis heute seinen Dienst leistet. 1995 fand das 125-j\u00e4hre Gr\u00fcndungsfest mit Kreisfeuerwehrtag statt.<\/p>\n<h2 style=\"text-align: right;\"><em>&#8230; 2000 bis heute.<\/em><\/h2>\n<p>Im Jahr 2001 wurde die Jugendfeuerwehr mit den Stadtteilwehren gegr\u00fcndet. Die Truppe bestand zu Beginn aus 51 M\u00e4dchen und Jungen. Im selben Jahr konnten neue Schulungsr\u00e4ume eingeweiht werden. Im Fr\u00fchjahr 2004 bauten die Kammeraden das alte L\u00f6schfahrzeug LF 8 zu einem Ge\u00e4rtewagen GW mit \u00d6SA-Beladung und Verkehrssicherungssatz in Eigenleistung um. Der neue Kommandowagen KdoW wurde 2007 angeschafft. 2011 ersetzt ein Mehrzweckfahrzeug MZF den in die Jahre gekommen ABC Erkundungs- und Messwagen &#8222;VW T3&#8220;. Im selben Jahr ersetzt ein Versorgungs-LKW den Ger\u00e4tewagen GW. Zudem wurden die Atemschutzger\u00e4te von Normaldruck- auf \u00dcberdruckger\u00e4te umger\u00fcstet. 2013 wurde das bereits ausgemusterte LF 16 TS durch das neue Hilfsleistungsl\u00f6schgruppenfahrzeug HLF 20 ersetzt. Der Fuhrpark wurde 2016 mit der Anschaffung einer Drehleiter DLK 16\/4 SE komplettiert.<\/p>\n","protected":false},"excerpt":{"rendered":"<p>Gr\u00fcndungsphase &#8230; Die Feuerwehr Eltmann wurde am 16.1.1870 gegr\u00fcndet. Damalige Gr\u00fcndungsmitglieder waren Amschler, Bachmann, Zehentner, Heusinger und Engelbrecht, welcher zugleich das Amt des ersten Kommandanten \u00fcbernahm. Im Folgejahre teilte das k\u00f6nigliche IX. Infanterieregiment 50 Lederhelme zu und die erste Feuerspritze &hellip; <a href=\"https:\/\/feuerwehr-eltmann.de\/?page_id=290\">Weiterlesen <span class=\"meta-nav\">&rarr;<\/span><\/a><\/p>\n","protected":false},"author":2,"featured_media":0,"parent":32,"menu_order":0,"comment_status":"closed","ping_status":"closed","template":"","meta":{"_mc_calendar":[],"footnotes":""},"class_list":["post-290","page","type-page","status-publish","hentry"],"_links":{"self":[{"href":"https:\/\/feuerwehr-eltmann.de\/index.php?rest_route=\/wp\/v2\/pages\/290","targetHints":{"allow":["GET"]}}],"collection":[{"href":"https:\/\/feuerwehr-eltmann.de\/index.php?rest_route=\/wp\/v2\/pages"}],"about":[{"href":"https:\/\/feuerwehr-eltmann.de\/index.php?rest_route=\/wp\/v2\/types\/page"}],"author":[{"embeddable":true,"href":"https:\/\/feuerwehr-eltmann.de\/index.php?rest_route=\/wp\/v2\/users\/2"}],"replies":[{"embeddable":true,"href":"https:\/\/feuerwehr-eltmann.de\/index.php?rest_route=%2Fwp%2Fv2%2Fcomments&post=290"}],"version-history":[{"count":11,"href":"https:\/\/feuerwehr-eltmann.de\/index.php?rest_route=\/wp\/v2\/pages\/290\/revisions"}],"predecessor-version":[{"id":1252,"href":"https:\/\/feuerwehr-eltmann.de\/index.php?rest_route=\/wp\/v2\/pages\/290\/revisions\/1252"}],"up":[{"embeddable":true,"href":"https:\/\/feuerwehr-eltmann.de\/index.php?rest_route=\/wp\/v2\/pages\/32"}],"wp:attachment":[{"href":"https:\/\/feuerwehr-eltmann.de\/index.php?rest_route=%2Fwp%2Fv2%2Fmedia&parent=290"}],"curies":[{"name":"wp","href":"https:\/\/api.w.org\/{rel}","templated":true}]}}