{"id":34,"date":"2017-07-15T11:16:26","date_gmt":"2017-07-15T11:16:26","guid":{"rendered":"http:\/\/feuerwehr-eltmann.de\/?page_id=34"},"modified":"2020-06-13T06:35:41","modified_gmt":"2020-06-13T04:35:41","slug":"ausruestung","status":"publish","type":"page","link":"https:\/\/feuerwehr-eltmann.de\/?page_id=34","title":{"rendered":"Mitglied werden!"},"content":{"rendered":"<p><a href=\"https:\/\/feuerwehr-eltmann.de\/wp-content\/uploads\/2020\/06\/Flyer_FF_Eltmann.jpeg\" target=\"_blank\" rel=\"noopener noreferrer\"><img loading=\"lazy\" decoding=\"async\" class=\"alignnone wp-image-3376 size-full\" src=\"https:\/\/feuerwehr-eltmann.de\/wp-content\/uploads\/2020\/06\/Flyer_FF_Eltmann.jpeg\" alt=\"\" width=\"707\" height=\"1000\" srcset=\"https:\/\/feuerwehr-eltmann.de\/wp-content\/uploads\/2020\/06\/Flyer_FF_Eltmann.jpeg 707w, https:\/\/feuerwehr-eltmann.de\/wp-content\/uploads\/2020\/06\/Flyer_FF_Eltmann-212x300.jpeg 212w\" sizes=\"auto, (max-width: 707px) 100vw, 707px\" \/><\/a><\/p>\n<p style=\"text-align: center;\">Jeder kann helfen, Jeder wird gebraucht, egal ob Mann oder Frau, jung oder alt.<\/p>\n<h1 style=\"text-align: center;\">Deine Heimat, deine Feuerwehr.<\/h1>\n<h1 style=\"text-align: center;\">Komm mach mit!<\/h1>\n<p style=\"text-align: center;\">\n<p style=\"text-align: center;\">Mach mit in unserer Jugendfeuerwehr oder als Erwachsener im aktiven Dienst. Erlebe ein abwechslungsreiches Hobby, stelle dich neuen Herausforderungen und rette Leben!<\/p>\n<p style=\"text-align: center;\">Jeden Donnerstag findet ab 19 Uhr im Ger\u00e4tehaus Eltmann ein Wartungs- und \u00dcbungstag statt. Schau doch unverbindlich vorbei und informiere dich vor Ort \u00fcber das Feuerwehrwesen.<\/p>\n<p style=\"text-align: center;\">Du kannst auch bei allen anderen \u00dcbungen vorbeischauen. Termine findest du im <a href=\"https:\/\/feuerwehr-eltmann.de\/?page_id=28\">Kalender<\/a>.<\/p>\n<p style=\"text-align: left;\"><a class=\"fancybox\" href=\"#contact_form_pop\" target=\"_blank\" rel=\"nofollow noopener noreferrer\">Kontaktformular<\/a><\/p>\n<div class=\"fancybox-hidden\" style=\"display: none;\">\n<div id=\"contact_form_pop\">\n<div class=\"wpcf7 no-js\" id=\"wpcf7-f1460-o1\" lang=\"de-DE\" dir=\"ltr\" data-wpcf7-id=\"1460\">\n<div class=\"screen-reader-response\"><p role=\"status\" aria-live=\"polite\" aria-atomic=\"true\"><\/p> <ul><\/ul><\/div>\n<form action=\"\/index.php?rest_route=%2Fwp%2Fv2%2Fpages%2F34#wpcf7-f1460-o1\" method=\"post\" class=\"wpcf7-form init\" aria-label=\"Kontaktformular\" novalidate=\"novalidate\" data-status=\"init\">\n<fieldset class=\"hidden-fields-container\"><input type=\"hidden\" name=\"_wpcf7\" value=\"1460\" \/><input type=\"hidden\" name=\"_wpcf7_version\" value=\"6.1.5\" \/><input type=\"hidden\" name=\"_wpcf7_locale\" value=\"de_DE\" \/><input type=\"hidden\" name=\"_wpcf7_unit_tag\" value=\"wpcf7-f1460-o1\" \/><input type=\"hidden\" name=\"_wpcf7_container_post\" value=\"0\" \/><input type=\"hidden\" name=\"_wpcf7_posted_data_hash\" value=\"\" \/>\n<\/fieldset>\n<p><label> Ihr Name (Pflichtfeld)<br \/>\n<span class=\"wpcf7-form-control-wrap\" data-name=\"your-name\"><input size=\"40\" maxlength=\"400\" class=\"wpcf7-form-control wpcf7-text wpcf7-validates-as-required\" aria-required=\"true\" aria-invalid=\"false\" value=\"\" type=\"text\" name=\"your-name\" \/><\/span> <\/label>\n<\/p>\n<p><label> Ihre E-Mail-Adresse (Pflichtfeld)<br \/>\n<span class=\"wpcf7-form-control-wrap\" data-name=\"your-email\"><input size=\"40\" maxlength=\"400\" class=\"wpcf7-form-control wpcf7-email wpcf7-validates-as-required wpcf7-text wpcf7-validates-as-email\" aria-required=\"true\" aria-invalid=\"false\" value=\"\" type=\"email\" name=\"your-email\" \/><\/span> <\/label>\n<\/p>\n<p><label> Betreff<br \/>\n<span class=\"wpcf7-form-control-wrap\" data-name=\"your-subject\"><input size=\"40\" maxlength=\"400\" class=\"wpcf7-form-control wpcf7-text\" aria-invalid=\"false\" value=\"\" type=\"text\" name=\"your-subject\" \/><\/span> <\/label>\n<\/p>\n<p><label> Ihre Nachricht<br \/>\n<span class=\"wpcf7-form-control-wrap\" data-name=\"your-message\"><textarea cols=\"40\" rows=\"10\" maxlength=\"2000\" class=\"wpcf7-form-control wpcf7-textarea\" aria-invalid=\"false\" name=\"your-message\"><\/textarea><\/span> <\/label>\n<\/p>\n<p><input class=\"wpcf7-form-control wpcf7-submit has-spinner\" type=\"submit\" value=\"Senden\" \/>\n<\/p><p style=\"display: none !important;\" class=\"akismet-fields-container\" data-prefix=\"_wpcf7_ak_\"><label>&#916;<textarea name=\"_wpcf7_ak_hp_textarea\" cols=\"45\" rows=\"8\" maxlength=\"100\"><\/textarea><\/label><input type=\"hidden\" id=\"ak_js_1\" name=\"_wpcf7_ak_js\" value=\"185\"\/><script>document.getElementById( \"ak_js_1\" ).setAttribute( \"value\", ( new Date() ).getTime() );<\/script><\/p><div class=\"wpcf7-response-output\" aria-hidden=\"true\"><\/div>\n<\/form>\n<\/div>\n<\/div>\n<\/div>\n","protected":false},"excerpt":{"rendered":"<p>Jeder kann helfen, Jeder wird gebraucht, egal ob Mann oder Frau, jung oder alt. Deine Heimat, deine Feuerwehr. Komm mach mit! Mach mit in unserer Jugendfeuerwehr oder als Erwachsener im aktiven Dienst. Erlebe ein abwechslungsreiches Hobby, stelle dich neuen Herausforderungen &hellip; <a href=\"https:\/\/feuerwehr-eltmann.de\/?page_id=34\">Weiterlesen <span class=\"meta-nav\">&rarr;<\/span><\/a><\/p>\n","protected":false},"author":1,"featured_media":0,"parent":0,"menu_order":0,"comment_status":"closed","ping_status":"closed","template":"","meta":{"_mc_calendar":[],"footnotes":""},"class_list":["post-34","page","type-page","status-publish","hentry"],"_links":{"self":[{"href":"https:\/\/feuerwehr-eltmann.de\/index.php?rest_route=\/wp\/v2\/pages\/34","targetHints":{"allow":["GET"]}}],"collection":[{"href":"https:\/\/feuerwehr-eltmann.de\/index.php?rest_route=\/wp\/v2\/pages"}],"about":[{"href":"https:\/\/feuerwehr-eltmann.de\/index.php?rest_route=\/wp\/v2\/types\/page"}],"author":[{"embeddable":true,"href":"https:\/\/feuerwehr-eltmann.de\/index.php?rest_route=\/wp\/v2\/users\/1"}],"replies":[{"embeddable":true,"href":"https:\/\/feuerwehr-eltmann.de\/index.php?rest_route=%2Fwp%2Fv2%2Fcomments&post=34"}],"version-history":[{"count":16,"href":"https:\/\/feuerwehr-eltmann.de\/index.php?rest_route=\/wp\/v2\/pages\/34\/revisions"}],"predecessor-version":[{"id":3379,"href":"https:\/\/feuerwehr-eltmann.de\/index.php?rest_route=\/wp\/v2\/pages\/34\/revisions\/3379"}],"wp:attachment":[{"href":"https:\/\/feuerwehr-eltmann.de\/index.php?rest_route=%2Fwp%2Fv2%2Fmedia&parent=34"}],"curies":[{"name":"wp","href":"https:\/\/api.w.org\/{rel}","templated":true}]}}