{"id":37,"date":"2017-07-15T11:16:54","date_gmt":"2017-07-15T11:16:54","guid":{"rendered":"http:\/\/feuerwehr-eltmann.de\/?page_id=37"},"modified":"2024-10-14T20:07:53","modified_gmt":"2024-10-14T18:07:53","slug":"jugendfeuerwehr","status":"publish","type":"page","link":"https:\/\/feuerwehr-eltmann.de\/?page_id=37","title":{"rendered":"Jugendfeuerwehr"},"content":{"rendered":"\n<figure class=\"wp-block-gallery has-nested-images columns-default is-cropped aligncenter wp-block-gallery-1 is-layout-flex wp-block-gallery-is-layout-flex\">\n<figure class=\"wp-block-image size-large\"><img loading=\"lazy\" decoding=\"async\" width=\"1000\" height=\"634\" data-id=\"3063\" src=\"https:\/\/feuerwehr-eltmann.de\/wp-content\/uploads\/2019\/11\/IMG-20191109-WA0006-1-1000x634.jpg\" alt=\"\" class=\"wp-image-3063\" srcset=\"https:\/\/feuerwehr-eltmann.de\/wp-content\/uploads\/2019\/11\/IMG-20191109-WA0006-1.jpg 1000w, https:\/\/feuerwehr-eltmann.de\/wp-content\/uploads\/2019\/11\/IMG-20191109-WA0006-1-300x190.jpg 300w, https:\/\/feuerwehr-eltmann.de\/wp-content\/uploads\/2019\/11\/IMG-20191109-WA0006-1-768x487.jpg 768w\" sizes=\"auto, (max-width: 1000px) 100vw, 1000px\" \/><\/figure>\n<\/figure>\n\n\n<h2 style=\"text-align: center;\">Du hast Interesse und willst bei uns mitmachen? Dann komme unverbindlich zu einer unseren \u00dcbungen oder melde dich bei unserer Jugendwartin.<\/h2>\n<p style=\"text-align: left;\" align=\"justify\">WIR \u2013 die 30 M\u00e4dels und Jungs von der Jugendfeuerwehr Eltmann und Stadtteile kommen aus Eltmann, Dippach, Eschenbach, Lembach, Limbach, Ro\u00dfstadt, und Weisbrunn. Unsere Jugendfeuerwehr wurde im Jahre 2001 gegr\u00fcndet.<\/p>\n<p style=\"text-align: left;\" align=\"justify\">Auch wenn wir in der Jugendfeuerwehr noch nicht an Eins\u00e4tzen teilnehmen d\u00fcrfen, m\u00fcssen wir trotzdem st\u00e4ndig \u00fcben, um sp\u00e4ter in der aktiven Wehr \u201efit\u201c zu sein. Wir treffen uns jeden 2. Samstag um 16:30 Uhr im Feuerwehrhaus Eltmann. Hier kannst du gerne vorbei kommen und uns beim \u00fcben zu schauen! &#8211; Alle Termine findest du im <a href=\"https:\/\/feuerwehr-eltmann.de\/?page_id=28\">Kalender<\/a>.<\/p>\n<p style=\"text-align: left;\" align=\"justify\">Unsere \u00dcbungen und Aktivit\u00e4ten sind vielseitig, zur feuerwehrtechnischen Ausbildung geh\u00f6ren z. B. Ger\u00e4te- und Fahrzeugkunde, Kn\u00f6ten, Notruf, Erste Hilfe, L\u00f6schaufbau, Technische Hilfeleistung. Neben dem Feuerwehrdienst steht bei uns die Gemeinschaft ganz oben. Hier entstehen Freundschaften bei verschiedensten Ausfl\u00fcgen, z. B. zu Berufsfeuerwehren, Zeltlager, Feuerwehr-Wettk\u00e4mpfen oder Fu\u00dfballtunieren.<\/p>\n<h2 style=\"text-align: center;\" align=\"justify\">Mitmachen darfst du bei uns ab dem 12. Lebensjahr, mit 18 wirst du dann in die aktive Wehr \u00fcbernommen.<\/h2>\n<p style=\"text-align: left;\" align=\"justify\">Wenn Du Interesse hast bei uns mitzumachen oder Dir erst einmal alles in Ruhe anschauen m\u00f6chtest, dann komm einfach bei uns vorbei. Oder ihr meldet euch einfach bei unseren Kommandanten unter <a href=\"mailto:Kommandant@feuerwehr-eltmann.de\">Kommandant@feuerwehr-eltmann.de<\/a><\/p>\n<h2 style=\"text-align: center;\"><a class=\"fancybox\" href=\"#contact_form_pop\" target=\"_blank\" rel=\"nofollow noopener noreferrer\">Kontaktformular<\/a><\/h2>\n<div class=\"fancybox-hidden\" style=\"display: none;\">\n<div id=\"contact_form_pop\">\n<div class=\"wpcf7 no-js\" id=\"wpcf7-f1460-o1\" lang=\"de-DE\" dir=\"ltr\" data-wpcf7-id=\"1460\">\n<div class=\"screen-reader-response\"><p role=\"status\" aria-live=\"polite\" aria-atomic=\"true\"><\/p> <ul><\/ul><\/div>\n<form action=\"\/index.php?rest_route=%2Fwp%2Fv2%2Fpages%2F37#wpcf7-f1460-o1\" method=\"post\" class=\"wpcf7-form init\" aria-label=\"Kontaktformular\" novalidate=\"novalidate\" data-status=\"init\">\n<fieldset class=\"hidden-fields-container\"><input type=\"hidden\" name=\"_wpcf7\" value=\"1460\" \/><input type=\"hidden\" name=\"_wpcf7_version\" value=\"6.1.5\" \/><input type=\"hidden\" name=\"_wpcf7_locale\" value=\"de_DE\" \/><input type=\"hidden\" name=\"_wpcf7_unit_tag\" value=\"wpcf7-f1460-o1\" \/><input type=\"hidden\" name=\"_wpcf7_container_post\" value=\"0\" \/><input type=\"hidden\" name=\"_wpcf7_posted_data_hash\" value=\"\" \/>\n<\/fieldset>\n<p><label> Ihr Name (Pflichtfeld)<br \/>\n<span class=\"wpcf7-form-control-wrap\" data-name=\"your-name\"><input size=\"40\" maxlength=\"400\" class=\"wpcf7-form-control wpcf7-text wpcf7-validates-as-required\" aria-required=\"true\" aria-invalid=\"false\" value=\"\" type=\"text\" name=\"your-name\" \/><\/span> <\/label>\n<\/p>\n<p><label> Ihre E-Mail-Adresse (Pflichtfeld)<br \/>\n<span class=\"wpcf7-form-control-wrap\" data-name=\"your-email\"><input size=\"40\" maxlength=\"400\" class=\"wpcf7-form-control wpcf7-email wpcf7-validates-as-required wpcf7-text wpcf7-validates-as-email\" aria-required=\"true\" aria-invalid=\"false\" value=\"\" type=\"email\" name=\"your-email\" \/><\/span> <\/label>\n<\/p>\n<p><label> Betreff<br \/>\n<span class=\"wpcf7-form-control-wrap\" data-name=\"your-subject\"><input size=\"40\" maxlength=\"400\" class=\"wpcf7-form-control wpcf7-text\" aria-invalid=\"false\" value=\"\" type=\"text\" name=\"your-subject\" \/><\/span> <\/label>\n<\/p>\n<p><label> Ihre Nachricht<br \/>\n<span class=\"wpcf7-form-control-wrap\" data-name=\"your-message\"><textarea cols=\"40\" rows=\"10\" maxlength=\"2000\" class=\"wpcf7-form-control wpcf7-textarea\" aria-invalid=\"false\" name=\"your-message\"><\/textarea><\/span> <\/label>\n<\/p>\n<p><input class=\"wpcf7-form-control wpcf7-submit has-spinner\" type=\"submit\" value=\"Senden\" \/>\n<\/p><p style=\"display: none !important;\" class=\"akismet-fields-container\" data-prefix=\"_wpcf7_ak_\"><label>&#916;<textarea name=\"_wpcf7_ak_hp_textarea\" cols=\"45\" rows=\"8\" maxlength=\"100\"><\/textarea><\/label><input type=\"hidden\" id=\"ak_js_1\" name=\"_wpcf7_ak_js\" value=\"188\"\/><script>document.getElementById( \"ak_js_1\" ).setAttribute( \"value\", ( new Date() ).getTime() );<\/script><\/p><div class=\"wpcf7-response-output\" aria-hidden=\"true\"><\/div>\n<\/form>\n<\/div>\n<\/div>\n<\/div>\n<h2 style=\"text-align: center;\"><a href=\"https:\/\/feuerwehr-eltmann.de\/?page_id=965\">Infos f\u00fcr die Eltern<\/a><\/h2>\n<h2 style=\"text-align: center;\"><a href=\"https:\/\/feuerwehr-eltmann.de\/?page_id=981\">News<\/a><\/h2>\n<h2 style=\"text-align: center;\"><a href=\"https:\/\/feuerwehr-eltmann.de\/?page_id=983\">Bilder-Galerie<\/a><\/h2>\n<p><a href=\"https:\/\/de-de.facebook.com\/Jugendfeuerwehr-Eltmann-und-Stadtteile-1633645890255900\/\" target=\"_blank\" rel=\"noopener noreferrer\"><img loading=\"lazy\" decoding=\"async\" class=\"aligncenter wp-image-1167 size-medium\" src=\"https:\/\/feuerwehr-eltmann.de\/wp-content\/uploads\/2017\/08\/Logo_facebook-300x92.jpg\" alt=\"\" width=\"300\" height=\"92\" srcset=\"https:\/\/feuerwehr-eltmann.de\/wp-content\/uploads\/2017\/08\/Logo_facebook-300x92.jpg 300w, https:\/\/feuerwehr-eltmann.de\/wp-content\/uploads\/2017\/08\/Logo_facebook-768x235.jpg 768w, https:\/\/feuerwehr-eltmann.de\/wp-content\/uploads\/2017\/08\/Logo_facebook-1024x314.jpg 1024w\" sizes=\"auto, (max-width: 300px) 100vw, 300px\" \/><\/a><\/p>","protected":false},"excerpt":{"rendered":"<p>Du hast Interesse und willst bei uns mitmachen? Dann komme unverbindlich zu einer unseren \u00dcbungen oder melde dich bei unserer Jugendwartin. WIR \u2013 die 30 M\u00e4dels und Jungs von der Jugendfeuerwehr Eltmann und Stadtteile kommen aus Eltmann, Dippach, Eschenbach, Lembach, &hellip; <a href=\"https:\/\/feuerwehr-eltmann.de\/?page_id=37\">Weiterlesen <span class=\"meta-nav\">&rarr;<\/span><\/a><\/p>\n","protected":false},"author":1,"featured_media":0,"parent":0,"menu_order":0,"comment_status":"closed","ping_status":"closed","template":"","meta":{"_mc_calendar":[],"footnotes":""},"class_list":["post-37","page","type-page","status-publish","hentry"],"_links":{"self":[{"href":"https:\/\/feuerwehr-eltmann.de\/index.php?rest_route=\/wp\/v2\/pages\/37","targetHints":{"allow":["GET"]}}],"collection":[{"href":"https:\/\/feuerwehr-eltmann.de\/index.php?rest_route=\/wp\/v2\/pages"}],"about":[{"href":"https:\/\/feuerwehr-eltmann.de\/index.php?rest_route=\/wp\/v2\/types\/page"}],"author":[{"embeddable":true,"href":"https:\/\/feuerwehr-eltmann.de\/index.php?rest_route=\/wp\/v2\/users\/1"}],"replies":[{"embeddable":true,"href":"https:\/\/feuerwehr-eltmann.de\/index.php?rest_route=%2Fwp%2Fv2%2Fcomments&post=37"}],"version-history":[{"count":23,"href":"https:\/\/feuerwehr-eltmann.de\/index.php?rest_route=\/wp\/v2\/pages\/37\/revisions"}],"predecessor-version":[{"id":4929,"href":"https:\/\/feuerwehr-eltmann.de\/index.php?rest_route=\/wp\/v2\/pages\/37\/revisions\/4929"}],"wp:attachment":[{"href":"https:\/\/feuerwehr-eltmann.de\/index.php?rest_route=%2Fwp%2Fv2%2Fmedia&parent=37"}],"curies":[{"name":"wp","href":"https:\/\/api.w.org\/{rel}","templated":true}]}}