{"id":379,"date":"2017-07-27T18:14:50","date_gmt":"2017-07-27T16:14:50","guid":{"rendered":"http:\/\/feuerwehr-eltmann.de\/?page_id=379"},"modified":"2019-11-18T08:32:13","modified_gmt":"2019-11-18T07:32:13","slug":"kommandanten","status":"publish","type":"page","link":"https:\/\/feuerwehr-eltmann.de\/?page_id=379","title":{"rendered":"F\u00fchrung"},"content":{"rendered":"<h2><strong>Kommandant <\/strong><strong><img loading=\"lazy\" decoding=\"async\" class=\"alignright wp-image-3135\" src=\"https:\/\/feuerwehr-eltmann.de\/wp-content\/uploads\/2019\/11\/Kdt1-2.jpg\" alt=\"\" width=\"206\" height=\"265\" srcset=\"https:\/\/feuerwehr-eltmann.de\/wp-content\/uploads\/2019\/11\/Kdt1-2.jpg 778w, https:\/\/feuerwehr-eltmann.de\/wp-content\/uploads\/2019\/11\/Kdt1-2-233x300.jpg 233w, https:\/\/feuerwehr-eltmann.de\/wp-content\/uploads\/2019\/11\/Kdt1-2-768x987.jpg 768w\" sizes=\"auto, (max-width: 206px) 100vw, 206px\" \/><\/strong><\/h2>\n<p><strong>Fabian H\u00fcmmer <\/strong><\/p>\n<p><strong>1. Kommandant seit: <\/strong>2019<br \/>\n<strong>Mitglied FF Eltmann seit: <\/strong>2004<br \/>\n<strong>Beruf:<\/strong> selbstst\u00e4ndig<br \/>\n<a class=\"fancybox\" href=\"#contact_form_pop\" target=\"_blank\" rel=\"nofollow noopener noreferrer\">Kontakt<\/a><\/p>\n<div class=\"fancybox-hidden\" style=\"display: none;\">\n<div id=\"contact_form_pop\">\n<div class=\"wpcf7 no-js\" id=\"wpcf7-f1460-o1\" lang=\"de-DE\" dir=\"ltr\" data-wpcf7-id=\"1460\">\n<div class=\"screen-reader-response\"><p role=\"status\" aria-live=\"polite\" aria-atomic=\"true\"><\/p> <ul><\/ul><\/div>\n<form action=\"\/index.php?rest_route=%2Fwp%2Fv2%2Fpages%2F379#wpcf7-f1460-o1\" method=\"post\" class=\"wpcf7-form init\" aria-label=\"Kontaktformular\" novalidate=\"novalidate\" data-status=\"init\">\n<fieldset class=\"hidden-fields-container\"><input type=\"hidden\" name=\"_wpcf7\" value=\"1460\" \/><input type=\"hidden\" name=\"_wpcf7_version\" value=\"6.1.5\" \/><input type=\"hidden\" name=\"_wpcf7_locale\" value=\"de_DE\" \/><input type=\"hidden\" name=\"_wpcf7_unit_tag\" value=\"wpcf7-f1460-o1\" \/><input type=\"hidden\" name=\"_wpcf7_container_post\" value=\"0\" \/><input type=\"hidden\" name=\"_wpcf7_posted_data_hash\" value=\"\" \/>\n<\/fieldset>\n<p><label> Ihr Name (Pflichtfeld)<br \/>\n<span class=\"wpcf7-form-control-wrap\" data-name=\"your-name\"><input size=\"40\" maxlength=\"400\" class=\"wpcf7-form-control wpcf7-text wpcf7-validates-as-required\" aria-required=\"true\" aria-invalid=\"false\" value=\"\" type=\"text\" name=\"your-name\" \/><\/span> <\/label>\n<\/p>\n<p><label> Ihre E-Mail-Adresse (Pflichtfeld)<br \/>\n<span class=\"wpcf7-form-control-wrap\" data-name=\"your-email\"><input size=\"40\" maxlength=\"400\" class=\"wpcf7-form-control wpcf7-email wpcf7-validates-as-required wpcf7-text wpcf7-validates-as-email\" aria-required=\"true\" aria-invalid=\"false\" value=\"\" type=\"email\" name=\"your-email\" \/><\/span> <\/label>\n<\/p>\n<p><label> Betreff<br \/>\n<span class=\"wpcf7-form-control-wrap\" data-name=\"your-subject\"><input size=\"40\" maxlength=\"400\" class=\"wpcf7-form-control wpcf7-text\" aria-invalid=\"false\" value=\"\" type=\"text\" name=\"your-subject\" \/><\/span> <\/label>\n<\/p>\n<p><label> Ihre Nachricht<br \/>\n<span class=\"wpcf7-form-control-wrap\" data-name=\"your-message\"><textarea cols=\"40\" rows=\"10\" maxlength=\"2000\" class=\"wpcf7-form-control wpcf7-textarea\" aria-invalid=\"false\" name=\"your-message\"><\/textarea><\/span> <\/label>\n<\/p>\n<p><input class=\"wpcf7-form-control wpcf7-submit has-spinner\" type=\"submit\" value=\"Senden\" \/>\n<\/p><p style=\"display: none !important;\" class=\"akismet-fields-container\" data-prefix=\"_wpcf7_ak_\"><label>&#916;<textarea name=\"_wpcf7_ak_hp_textarea\" cols=\"45\" rows=\"8\" maxlength=\"100\"><\/textarea><\/label><input type=\"hidden\" id=\"ak_js_1\" name=\"_wpcf7_ak_js\" value=\"136\"\/><script type=\"text\/javascript\">\n\/* <![CDATA[ *\/\ndocument.getElementById( \"ak_js_1\" ).setAttribute( \"value\", ( new Date() ).getTime() );\n\/* ]]> *\/\n<\/script>\n<\/p><div class=\"wpcf7-response-output\" aria-hidden=\"true\"><\/div>\n<\/form>\n<\/div>\n<\/div>\n<\/div>\n<hr \/>\n<h2><strong>stellv. Kommandant<\/strong><img loading=\"lazy\" decoding=\"async\" class=\"alignright wp-image-3132\" src=\"https:\/\/feuerwehr-eltmann.de\/wp-content\/uploads\/2019\/11\/Kdt2.jpg\" alt=\"\" width=\"206\" height=\"265\" srcset=\"https:\/\/feuerwehr-eltmann.de\/wp-content\/uploads\/2019\/11\/Kdt2.jpg 778w, https:\/\/feuerwehr-eltmann.de\/wp-content\/uploads\/2019\/11\/Kdt2-233x300.jpg 233w, https:\/\/feuerwehr-eltmann.de\/wp-content\/uploads\/2019\/11\/Kdt2-768x987.jpg 768w\" sizes=\"auto, (max-width: 206px) 100vw, 206px\" \/><\/h2>\n<p><strong>Maximilian Schmitt<\/strong><\/p>\n<p><strong>2. Kommandant seit: <\/strong>2019<br \/>\n<strong>Mitglied FF Eltmann seit: <\/strong>2014<br \/>\n<strong>Mitglied FF Weisbrunn seit: <\/strong>2001<br \/>\n<strong>Beruf:<\/strong> Ingenieur<br \/>\n<a class=\"fancybox\" href=\"#contact_form_pop\" target=\"_blank\" rel=\"nofollow noopener noreferrer\">Kontakt<\/a><\/p>\n<div class=\"fancybox-hidden\">\n<div id=\"contact_form_pop\"><\/div>\n<\/div>\n<hr \/>\n<h2><strong>Ehrenkommandant<\/strong><strong>\u00a0<\/strong><strong><img loading=\"lazy\" decoding=\"async\" class=\"alignright wp-image-1289\" src=\"https:\/\/feuerwehr-eltmann.de\/wp-content\/uploads\/2017\/08\/Kdt1.jpg\" alt=\"\" width=\"206\" height=\"265\" srcset=\"https:\/\/feuerwehr-eltmann.de\/wp-content\/uploads\/2017\/08\/Kdt1.jpg 1240w, https:\/\/feuerwehr-eltmann.de\/wp-content\/uploads\/2017\/08\/Kdt1-233x300.jpg 233w, https:\/\/feuerwehr-eltmann.de\/wp-content\/uploads\/2017\/08\/Kdt1-768x987.jpg 768w, https:\/\/feuerwehr-eltmann.de\/wp-content\/uploads\/2017\/08\/Kdt1-797x1024.jpg 797w\" sizes=\"auto, (max-width: 206px) 100vw, 206px\" \/><\/strong><\/h2>\n<p><strong>Uwe H\u00fcmmer <\/strong><\/p>\n<p><strong>Ehrenkommandant seit: <\/strong>2019<br \/>\n<strong>1. Kommandant:<\/strong> von 2001 bis 2019<br \/>\n<strong>Mitglied FF Eltmann seit: <\/strong>1980<br \/>\n<strong>Beruf:<\/strong> Schlossermeister<br \/>\n<a class=\"fancybox\" href=\"#contact_form_pop\" target=\"_blank\" rel=\"nofollow noopener noreferrer\">Kontakt<\/a><\/p>\n<div class=\"fancybox-hidden\">\n<div id=\"contact_form_pop\"><\/div>\n<\/div>\n<hr \/>\n<h3><em>Federf\u00fchrung:<\/em><\/h3>\n<p>Unser erster Kommandant agiert federf\u00fchrend f\u00fcr die Feuerwehr Eltmann mit ihrer L\u00f6schgruppe Ro\u00dfstadt, sowie deren eigenst\u00e4ndigen Stadtteilwehren. Diese sind FF Dippach,\u00a0FF Eschenbach, FF Lembach, FF Limbach und FF Weisbrunn. Das Amt des federf\u00fchrenden Kommandanten steht der Wehr zu, welche im Schutzgebiet den h\u00f6chsten Ausr\u00fcstungsstand besitzt.<\/p>\n<p>Er ist Ansprechpartner und Schnittstelle zwischen den Feuerwehren und der Stadt Eltmann, ber\u00e4t bei gemeinsamen Beschaffungen und sorgt f\u00fcr eine koordinierte Zusammenarbeit. Zudem wird er bei jedem Einsatz einer Stadtteilwehr mit alarmiert und steht dem jeweiligen Ortskommandant\/ Einsatzleiter beratend bei.<\/p>\n<p>Die Zusammenarbeit der FF Eltmann und den einzelnen Stadtteilwehren funktioniert reibungslos und steht f\u00fcr eine sehr\u00a0gute Kameradschaft.<\/p>\n<h3><\/h3>\n<h3><em>Seit unserer Gr\u00fcndungsphase wurde die FF Eltmann von folgenden Kommandanten gef\u00fchrt:<\/em><\/h3>\n<p>1870 bis 1878\u00a0&#8211; Martin Engelbrecht (1882: Ehrenmitglied)<\/p>\n<p>1878 bis 1887 &#8211; Franz H\u00fcmmer<\/p>\n<p>1887 bis 1900\u00a0&#8211; Johann S\u00f6ldner<\/p>\n<p>1900 bis 1903 &#8211; Johann Dietz<\/p>\n<p>1903 bis 1905 &#8211; August P\u00f6llath<\/p>\n<p>1905 bis 1919 &#8211; Georg Greubel<\/p>\n<p>1919 bis 1951 &#8211; August Benkert (1951: Ehrenkommandant)<\/p>\n<p>1951 bis 1954 &#8211; Georg Reuther<\/p>\n<p>1954 bis 1958\u00a0&#8211; Josef Burger<\/p>\n<p>1958 bis 1961 &#8211; Georg Reuther (1961: KBI, sp\u00e4ter erster KBR des Ldk. Ha\u00dfberge)<\/p>\n<p>1961 bis 1985\u00a0&#8211; Roman H\u00fcmmer (1985: Ehrenkommandant)<\/p>\n<p>1985 bis 2001 &#8211;\u00a0Alois Schwemmlein (2002: Ehrenkommandant)<\/p>\n<p>2001 bis 2019 &#8211; Uwe H\u00fcmmer (2019: Ehrenkommandant)<\/p>\n<p>2019 bis heute &#8211; Fabian H\u00fcmmer<\/p>\n","protected":false},"excerpt":{"rendered":"<p>Kommandant Fabian H\u00fcmmer 1. Kommandant seit: 2019 Mitglied FF Eltmann seit: 2004 Beruf: selbstst\u00e4ndig Kontakt stellv. Kommandant Maximilian Schmitt 2. Kommandant seit: 2019 Mitglied FF Eltmann seit: 2014 Mitglied FF Weisbrunn seit: 2001 Beruf: Ingenieur Kontakt Ehrenkommandant\u00a0 Uwe H\u00fcmmer Ehrenkommandant &hellip; <a href=\"https:\/\/feuerwehr-eltmann.de\/?page_id=379\">Weiterlesen <span class=\"meta-nav\">&rarr;<\/span><\/a><\/p>\n","protected":false},"author":1,"featured_media":0,"parent":32,"menu_order":0,"comment_status":"closed","ping_status":"closed","template":"","meta":{"_mc_calendar":[],"footnotes":""},"class_list":["post-379","page","type-page","status-publish","hentry"],"_links":{"self":[{"href":"https:\/\/feuerwehr-eltmann.de\/index.php?rest_route=\/wp\/v2\/pages\/379","targetHints":{"allow":["GET"]}}],"collection":[{"href":"https:\/\/feuerwehr-eltmann.de\/index.php?rest_route=\/wp\/v2\/pages"}],"about":[{"href":"https:\/\/feuerwehr-eltmann.de\/index.php?rest_route=\/wp\/v2\/types\/page"}],"author":[{"embeddable":true,"href":"https:\/\/feuerwehr-eltmann.de\/index.php?rest_route=\/wp\/v2\/users\/1"}],"replies":[{"embeddable":true,"href":"https:\/\/feuerwehr-eltmann.de\/index.php?rest_route=%2Fwp%2Fv2%2Fcomments&post=379"}],"version-history":[{"count":54,"href":"https:\/\/feuerwehr-eltmann.de\/index.php?rest_route=\/wp\/v2\/pages\/379\/revisions"}],"predecessor-version":[{"id":5499,"href":"https:\/\/feuerwehr-eltmann.de\/index.php?rest_route=\/wp\/v2\/pages\/379\/revisions\/5499"}],"up":[{"embeddable":true,"href":"https:\/\/feuerwehr-eltmann.de\/index.php?rest_route=\/wp\/v2\/pages\/32"}],"wp:attachment":[{"href":"https:\/\/feuerwehr-eltmann.de\/index.php?rest_route=%2Fwp%2Fv2%2Fmedia&parent=379"}],"curies":[{"name":"wp","href":"https:\/\/api.w.org\/{rel}","templated":true}]}}