{"id":39,"date":"2017-07-15T11:17:07","date_gmt":"2017-07-15T11:17:07","guid":{"rendered":"http:\/\/feuerwehr-eltmann.de\/?page_id=39"},"modified":"2019-04-05T09:18:32","modified_gmt":"2019-04-05T07:18:32","slug":"buergerecke","status":"publish","type":"page","link":"https:\/\/feuerwehr-eltmann.de\/?page_id=39","title":{"rendered":"B\u00fcrgerecke"},"content":{"rendered":"\n<p><\/p>\n\n\n<p><a href=\"https:\/\/feuerwehr-eltmann.de\/?page_id=1534\"><img loading=\"lazy\" decoding=\"async\" class=\"alignleft wp-image-1715\" src=\"https:\/\/feuerwehr-eltmann.de\/wp-content\/uploads\/2017\/11\/Notruf.jpg\" alt=\"\" width=\"150\" height=\"97\" srcset=\"https:\/\/feuerwehr-eltmann.de\/wp-content\/uploads\/2017\/11\/Notruf.jpg 1000w, https:\/\/feuerwehr-eltmann.de\/wp-content\/uploads\/2017\/11\/Notruf-300x193.jpg 300w, https:\/\/feuerwehr-eltmann.de\/wp-content\/uploads\/2017\/11\/Notruf-768x494.jpg 768w\" sizes=\"auto, (max-width: 150px) 100vw, 150px\" \/><\/a>Im Ernstfall z\u00e4hlt oft jede Minute, dass schnell Hilfe geleistet werden kann. Das beginnt bereits beim Notruf: <a href=\"https:\/\/feuerwehr-eltmann.de\/?page_id=1534\">Notruf<\/a><\/p>\n<p>\u00a0<\/p>\n<hr \/>\n<p><a href=\"https:\/\/feuerwehr-eltmann.de\/?page_id=1723\"><img loading=\"lazy\" decoding=\"async\" class=\"alignleft wp-image-1717\" src=\"https:\/\/feuerwehr-eltmann.de\/wp-content\/uploads\/2017\/11\/Rettungsgasse.jpg\" alt=\"\" width=\"150\" height=\"167\" srcset=\"https:\/\/feuerwehr-eltmann.de\/wp-content\/uploads\/2017\/11\/Rettungsgasse.jpg 897w, https:\/\/feuerwehr-eltmann.de\/wp-content\/uploads\/2017\/11\/Rettungsgasse-269x300.jpg 269w, https:\/\/feuerwehr-eltmann.de\/wp-content\/uploads\/2017\/11\/Rettungsgasse-768x856.jpg 768w\" sizes=\"auto, (max-width: 150px) 100vw, 150px\" \/><\/a>Eine funktionierende Rettungsgasse ist f\u00fcr eine gute Hilfeleistung immens wichtig! Durch ein schnelleres Erreichen der Unfallstelle erh\u00f6ht sich die \u00dcberlebenschance lebensbedrohlich verletzter Personen. Schaut euch hier an, wie diese gebildet wird: <a href=\"https:\/\/feuerwehr-eltmann.de\/?page_id=1723\">Rettungsgasse<\/a><\/p>\n<hr \/>\n<p><a href=\"https:\/\/feuerwehr-eltmann.de\/?page_id=1738\"><img loading=\"lazy\" decoding=\"async\" class=\"alignleft wp-image-1740\" src=\"https:\/\/feuerwehr-eltmann.de\/wp-content\/uploads\/2017\/11\/Rettungskarte.jpg\" alt=\"\" width=\"150\" height=\"51\" srcset=\"https:\/\/feuerwehr-eltmann.de\/wp-content\/uploads\/2017\/11\/Rettungskarte.jpg 400w, https:\/\/feuerwehr-eltmann.de\/wp-content\/uploads\/2017\/11\/Rettungskarte-300x103.jpg 300w\" sizes=\"auto, (max-width: 150px) 100vw, 150px\" \/><\/a>Auf einer Rettungskarte stehen alle wichtigen Informationen \u00fcber dein Fahrzeug f\u00fcr die Feuerwehr. Das sind z.B. verbaute Airbags oder Fahrzeugverst\u00e4rkungen. Diese Infos sind f\u00fcr eine schnelle Rettung aus Unfallfahrzeugen wichtig: <a href=\"https:\/\/feuerwehr-eltmann.de\/?page_id=1738\">Rettungskarte<\/a><\/p>\n<hr \/>\n<p><a href=\"https:\/\/feuerwehr-eltmann.de\/?page_id=1705\"><img loading=\"lazy\" decoding=\"async\" class=\"alignleft wp-image-1716\" src=\"https:\/\/feuerwehr-eltmann.de\/wp-content\/uploads\/2017\/11\/Rauchmelder.jpg\" alt=\"\" width=\"150\" height=\"89\" srcset=\"https:\/\/feuerwehr-eltmann.de\/wp-content\/uploads\/2017\/11\/Rauchmelder.jpg 1000w, https:\/\/feuerwehr-eltmann.de\/wp-content\/uploads\/2017\/11\/Rauchmelder-300x178.jpg 300w, https:\/\/feuerwehr-eltmann.de\/wp-content\/uploads\/2017\/11\/Rauchmelder-768x455.jpg 768w\" sizes=\"auto, (max-width: 150px) 100vw, 150px\" \/><\/a>Seit dem 1.1.2018 gilt in Bayern die Rauchmelderpflicht in allen Wohnungen und Wohnh\u00e4usern, hier haben wir ein paar Infos f\u00fcr Euch zusammengestellt: <a href=\"https:\/\/feuerwehr-eltmann.de\/?page_id=1705\">Rauchmelderpflicht<\/a><\/p>","protected":false},"excerpt":{"rendered":"<p>Im Ernstfall z\u00e4hlt oft jede Minute, dass schnell Hilfe geleistet werden kann. Das beginnt bereits beim Notruf: Notruf \u00a0 Eine funktionierende Rettungsgasse ist f\u00fcr eine gute Hilfeleistung immens wichtig! Durch ein schnelleres Erreichen der Unfallstelle erh\u00f6ht sich die \u00dcberlebenschance lebensbedrohlich &hellip; <a href=\"https:\/\/feuerwehr-eltmann.de\/?page_id=39\">Weiterlesen <span class=\"meta-nav\">&rarr;<\/span><\/a><\/p>\n","protected":false},"author":1,"featured_media":0,"parent":0,"menu_order":0,"comment_status":"closed","ping_status":"closed","template":"","meta":{"_mc_calendar":[],"footnotes":""},"class_list":["post-39","page","type-page","status-publish","hentry"],"_links":{"self":[{"href":"https:\/\/feuerwehr-eltmann.de\/index.php?rest_route=\/wp\/v2\/pages\/39","targetHints":{"allow":["GET"]}}],"collection":[{"href":"https:\/\/feuerwehr-eltmann.de\/index.php?rest_route=\/wp\/v2\/pages"}],"about":[{"href":"https:\/\/feuerwehr-eltmann.de\/index.php?rest_route=\/wp\/v2\/types\/page"}],"author":[{"embeddable":true,"href":"https:\/\/feuerwehr-eltmann.de\/index.php?rest_route=\/wp\/v2\/users\/1"}],"replies":[{"embeddable":true,"href":"https:\/\/feuerwehr-eltmann.de\/index.php?rest_route=%2Fwp%2Fv2%2Fcomments&post=39"}],"version-history":[{"count":15,"href":"https:\/\/feuerwehr-eltmann.de\/index.php?rest_route=\/wp\/v2\/pages\/39\/revisions"}],"predecessor-version":[{"id":2743,"href":"https:\/\/feuerwehr-eltmann.de\/index.php?rest_route=\/wp\/v2\/pages\/39\/revisions\/2743"}],"wp:attachment":[{"href":"https:\/\/feuerwehr-eltmann.de\/index.php?rest_route=%2Fwp%2Fv2%2Fmedia&parent=39"}],"curies":[{"name":"wp","href":"https:\/\/api.w.org\/{rel}","templated":true}]}}