{"id":404,"date":"2017-07-31T07:52:11","date_gmt":"2017-07-31T05:52:11","guid":{"rendered":"http:\/\/feuerwehr-eltmann.de\/?page_id=404"},"modified":"2017-10-30T19:32:36","modified_gmt":"2017-10-30T18:32:36","slug":"v-lkw-versorungs-lkw","status":"publish","type":"page","link":"https:\/\/feuerwehr-eltmann.de\/?page_id=404","title":{"rendered":"V-LKW &#8211; Versorgungs-LKW"},"content":{"rendered":"<p>Der V-LKW kommt vorzugsweise bei technischen Vorf\u00e4llen zum Einsatz.\u00a0Gerade bei Eins\u00e4tzen auf der Autobahn A 70 f\u00e4hrt das 56\/1\u00a0prim\u00e4r im R\u00fcstzug mit.\u00a0Der V-LKW kann aber aufgrund seiner Beladung auch sehr gut als eigenst\u00e4ndige Einheit agieren.\u00a0Auf der Ladefl\u00e4che sind acht Rollw\u00e4gen f\u00fcr verschiedenste Szenarien verlastet.\u00a0Die Seilwinde des Fahrzeugs kann\u00a0zur Stabilisierung von Unfallfahrzeugen eingesetzt werden.<\/p>\n<h2>Technische Daten<\/h2>\n\n<table id=\"tablepress-beladung_vlkw\" class=\"tablepress tablepress-id-beladung_vlkw\">\n<tbody class=\"row-hover\">\n<tr class=\"row-1\">\n\t<td class=\"column-1\">Fahrgestell<\/td><td class=\"column-2\">MAN<\/td>\n<\/tr>\n<tr class=\"row-2\">\n\t<td class=\"column-1\">Leistung<\/td><td class=\"column-2\">184 kW<\/td>\n<\/tr>\n<tr class=\"row-3\">\n\t<td class=\"column-1\">Baujahr<\/td><td class=\"column-2\">06\/2011<\/td>\n<\/tr>\n<tr class=\"row-4\">\n\t<td class=\"column-1\">Besatzung<\/td><td class=\"column-2\">Staffel: 1\/5<\/td>\n<\/tr>\n<tr class=\"row-5\">\n\t<td class=\"column-1\">Seilwinde<\/td><td class=\"column-2\">50 kN<\/td>\n<\/tr>\n<tr class=\"row-6\">\n\t<td class=\"column-1\">Besondere Beladung<\/td><td class=\"column-2\">- 8 Rollw\u00e4gen<br \/>\n- Lichtmast<br \/>\n- Sicherungsmaterial<\/td>\n<\/tr>\n<\/tbody>\n<\/table>\n<!-- #tablepress-beladung_vlkw from cache -->\n<div id=\"envira-gallery-wrap-1338\" class=\"envira-gallery-wrap envira-gallery-theme-base envira-lightbox-theme-base\" itemscope itemtype=\"https:\/\/schema.org\/ImageGallery\"><div data-row-height=\"150\" data-gallery-theme=\"normal\" id=\"envira-gallery-1338\" class=\"envira-gallery-public envira-gallery-justified-public envira-gallery-0-columns envira-clear enviratope envira-gallery-css-animations\" data-envira-columns=\"0\"><div id=\"envira-gallery-item-1339\" class=\"envira-gallery-item enviratope-item envira-gallery-item-1 envira-lazy-load\" style=\"padding-left: 5px; padding-bottom: 10px; padding-right: 5px;\"  itemscope itemtype=\"https:\/\/schema.org\/ImageObject\"><div class=\"envira-gallery-item-inner\"><div class=\"envira-gallery-position-overlay  envira-gallery-top-left\"><\/div><div class=\"envira-gallery-position-overlay  envira-gallery-top-right\"><\/div><div class=\"envira-gallery-position-overlay  envira-gallery-bottom-left\"><\/div><div class=\"envira-gallery-position-overlay  envira-gallery-bottom-right\"><\/div><a href=\"https:\/\/feuerwehr-eltmann.de\/wp-content\/uploads\/2017\/08\/mini-IMG_2080.jpg\" class=\"envira-gallery-1338 envira-gallery-link\" rel=\"enviragallery1338\" title=\"mini-IMG_2080\" data-envira-caption=\"mini-IMG_2080\" data-envira-retina=\"\" data-thumbnail=\"\"  itemprop=\"contentUrl\"><img decoding=\"async\" id=\"envira-gallery-image-1339\" class=\"envira-gallery-image envira-gallery-image-1 envira-normal envira-lazy\" data-envira-index=\"1\" src=\"https:\/\/feuerwehr-eltmann.de\/wp-content\/uploads\/2017\/08\/mini-IMG_2080-640x480.jpg\" data-envira-src=\"https:\/\/feuerwehr-eltmann.de\/wp-content\/uploads\/2017\/08\/mini-IMG_2080-640x480.jpg\" data-envira-gallery-id=\"1338\" data-envira-item-id=\"1339\" data-envira-caption=\"mini-IMG_2080\" alt=\"\" title=\"mini-IMG_2080\"  itemprop=\"thumbnailUrl\" data-envira-srcset=\"https:\/\/feuerwehr-eltmann.de\/wp-content\/uploads\/2017\/08\/mini-IMG_2080-640x480.jpg 400w,https:\/\/feuerwehr-eltmann.de\/wp-content\/uploads\/2017\/08\/mini-IMG_2080-640x480.jpg 2x\" data-envira-width=\"300\" data-envira-height=\"200\" srcset=\"data:image\/gif;base64,R0lGODlhAQABAIAAAP\/\/\/\/\/\/\/yH5BAEKAAEALAAAAAABAAEAAAICTAEAOw==\" data-safe-src=\"data:image\/gif;base64,R0lGODlhAQABAIAAAP\/\/\/\/\/\/\/yH5BAEKAAEALAAAAAABAAEAAAICTAEAOw==\" \/><\/a><\/div><\/div><div id=\"envira-gallery-item-1340\" class=\"envira-gallery-item enviratope-item envira-gallery-item-2 envira-lazy-load\" style=\"padding-left: 5px; padding-bottom: 10px; padding-right: 5px;\"  itemscope itemtype=\"https:\/\/schema.org\/ImageObject\"><div class=\"envira-gallery-item-inner\"><div class=\"envira-gallery-position-overlay  envira-gallery-top-left\"><\/div><div class=\"envira-gallery-position-overlay  envira-gallery-top-right\"><\/div><div class=\"envira-gallery-position-overlay  envira-gallery-bottom-left\"><\/div><div class=\"envira-gallery-position-overlay  envira-gallery-bottom-right\"><\/div><a href=\"https:\/\/feuerwehr-eltmann.de\/wp-content\/uploads\/2017\/08\/mini-IMG_2082.jpg\" class=\"envira-gallery-1338 envira-gallery-link\" rel=\"enviragallery1338\" title=\"mini-IMG_2082\" data-envira-caption=\"mini-IMG_2082\" data-envira-retina=\"\" data-thumbnail=\"\"  itemprop=\"contentUrl\"><img decoding=\"async\" id=\"envira-gallery-image-1340\" class=\"envira-gallery-image envira-gallery-image-2 envira-normal envira-lazy\" data-envira-index=\"2\" src=\"https:\/\/feuerwehr-eltmann.de\/wp-content\/uploads\/2017\/08\/mini-IMG_2082-640x480.jpg\" data-envira-src=\"https:\/\/feuerwehr-eltmann.de\/wp-content\/uploads\/2017\/08\/mini-IMG_2082-640x480.jpg\" data-envira-gallery-id=\"1338\" data-envira-item-id=\"1340\" data-envira-caption=\"mini-IMG_2082\" alt=\"\" title=\"mini-IMG_2082\"  itemprop=\"thumbnailUrl\" data-envira-srcset=\"https:\/\/feuerwehr-eltmann.de\/wp-content\/uploads\/2017\/08\/mini-IMG_2082-640x480.jpg 400w,https:\/\/feuerwehr-eltmann.de\/wp-content\/uploads\/2017\/08\/mini-IMG_2082-640x480.jpg 2x\" data-envira-width=\"300\" data-envira-height=\"196\" srcset=\"data:image\/gif;base64,R0lGODlhAQABAIAAAP\/\/\/\/\/\/\/yH5BAEKAAEALAAAAAABAAEAAAICTAEAOw==\" data-safe-src=\"data:image\/gif;base64,R0lGODlhAQABAIAAAP\/\/\/\/\/\/\/yH5BAEKAAEALAAAAAABAAEAAAICTAEAOw==\" \/><\/a><\/div><\/div><div id=\"envira-gallery-item-1341\" class=\"envira-gallery-item enviratope-item envira-gallery-item-3 envira-lazy-load\" style=\"padding-left: 5px; padding-bottom: 10px; padding-right: 5px;\"  itemscope itemtype=\"https:\/\/schema.org\/ImageObject\"><div class=\"envira-gallery-item-inner\"><div class=\"envira-gallery-position-overlay  envira-gallery-top-left\"><\/div><div class=\"envira-gallery-position-overlay  envira-gallery-top-right\"><\/div><div class=\"envira-gallery-position-overlay  envira-gallery-bottom-left\"><\/div><div class=\"envira-gallery-position-overlay  envira-gallery-bottom-right\"><\/div><a href=\"https:\/\/feuerwehr-eltmann.de\/wp-content\/uploads\/2017\/08\/mini-IMG_2083.jpg\" class=\"envira-gallery-1338 envira-gallery-link\" rel=\"enviragallery1338\" title=\"mini-IMG_2083\" data-envira-caption=\"mini-IMG_2083\" data-envira-retina=\"\" data-thumbnail=\"\"  itemprop=\"contentUrl\"><img decoding=\"async\" id=\"envira-gallery-image-1341\" class=\"envira-gallery-image envira-gallery-image-3 envira-normal envira-lazy\" data-envira-index=\"3\" src=\"https:\/\/feuerwehr-eltmann.de\/wp-content\/uploads\/2017\/08\/mini-IMG_2083-640x480.jpg\" data-envira-src=\"https:\/\/feuerwehr-eltmann.de\/wp-content\/uploads\/2017\/08\/mini-IMG_2083-640x480.jpg\" data-envira-gallery-id=\"1338\" data-envira-item-id=\"1341\" data-envira-caption=\"mini-IMG_2083\" alt=\"\" title=\"mini-IMG_2083\"  itemprop=\"thumbnailUrl\" data-envira-srcset=\"https:\/\/feuerwehr-eltmann.de\/wp-content\/uploads\/2017\/08\/mini-IMG_2083-640x480.jpg 400w,https:\/\/feuerwehr-eltmann.de\/wp-content\/uploads\/2017\/08\/mini-IMG_2083-640x480.jpg 2x\" data-envira-width=\"300\" data-envira-height=\"200\" srcset=\"data:image\/gif;base64,R0lGODlhAQABAIAAAP\/\/\/\/\/\/\/yH5BAEKAAEALAAAAAABAAEAAAICTAEAOw==\" data-safe-src=\"data:image\/gif;base64,R0lGODlhAQABAIAAAP\/\/\/\/\/\/\/yH5BAEKAAEALAAAAAABAAEAAAICTAEAOw==\" \/><\/a><\/div><\/div><div id=\"envira-gallery-item-1342\" class=\"envira-gallery-item enviratope-item envira-gallery-item-4 envira-lazy-load\" style=\"padding-left: 5px; padding-bottom: 10px; padding-right: 5px;\"  itemscope itemtype=\"https:\/\/schema.org\/ImageObject\"><div class=\"envira-gallery-item-inner\"><div class=\"envira-gallery-position-overlay  envira-gallery-top-left\"><\/div><div class=\"envira-gallery-position-overlay  envira-gallery-top-right\"><\/div><div class=\"envira-gallery-position-overlay  envira-gallery-bottom-left\"><\/div><div class=\"envira-gallery-position-overlay  envira-gallery-bottom-right\"><\/div><a href=\"https:\/\/feuerwehr-eltmann.de\/wp-content\/uploads\/2017\/08\/mini-IMG_2085.jpg\" class=\"envira-gallery-1338 envira-gallery-link\" rel=\"enviragallery1338\" title=\"mini-IMG_2085\" data-envira-caption=\"mini-IMG_2085\" data-envira-retina=\"\" data-thumbnail=\"\"  itemprop=\"contentUrl\"><img decoding=\"async\" id=\"envira-gallery-image-1342\" class=\"envira-gallery-image envira-gallery-image-4 envira-normal envira-lazy\" data-envira-index=\"4\" src=\"https:\/\/feuerwehr-eltmann.de\/wp-content\/uploads\/2017\/08\/mini-IMG_2085-640x480.jpg\" data-envira-src=\"https:\/\/feuerwehr-eltmann.de\/wp-content\/uploads\/2017\/08\/mini-IMG_2085-640x480.jpg\" data-envira-gallery-id=\"1338\" data-envira-item-id=\"1342\" data-envira-caption=\"mini-IMG_2085\" alt=\"\" title=\"mini-IMG_2085\"  itemprop=\"thumbnailUrl\" data-envira-srcset=\"https:\/\/feuerwehr-eltmann.de\/wp-content\/uploads\/2017\/08\/mini-IMG_2085-640x480.jpg 400w,https:\/\/feuerwehr-eltmann.de\/wp-content\/uploads\/2017\/08\/mini-IMG_2085-640x480.jpg 2x\" data-envira-width=\"300\" data-envira-height=\"200\" srcset=\"data:image\/gif;base64,R0lGODlhAQABAIAAAP\/\/\/\/\/\/\/yH5BAEKAAEALAAAAAABAAEAAAICTAEAOw==\" data-safe-src=\"data:image\/gif;base64,R0lGODlhAQABAIAAAP\/\/\/\/\/\/\/yH5BAEKAAEALAAAAAABAAEAAAICTAEAOw==\" \/><\/a><\/div><\/div><div id=\"envira-gallery-item-1343\" class=\"envira-gallery-item enviratope-item envira-gallery-item-5 envira-lazy-load\" style=\"padding-left: 5px; padding-bottom: 10px; padding-right: 5px;\"  itemscope itemtype=\"https:\/\/schema.org\/ImageObject\"><div class=\"envira-gallery-item-inner\"><div class=\"envira-gallery-position-overlay  envira-gallery-top-left\"><\/div><div class=\"envira-gallery-position-overlay  envira-gallery-top-right\"><\/div><div class=\"envira-gallery-position-overlay  envira-gallery-bottom-left\"><\/div><div class=\"envira-gallery-position-overlay  envira-gallery-bottom-right\"><\/div><a href=\"https:\/\/feuerwehr-eltmann.de\/wp-content\/uploads\/2017\/08\/mini-IMG_2086.jpg\" class=\"envira-gallery-1338 envira-gallery-link\" rel=\"enviragallery1338\" title=\"mini-IMG_2086\" data-envira-caption=\"mini-IMG_2086\" data-envira-retina=\"\" data-thumbnail=\"\"  itemprop=\"contentUrl\"><img decoding=\"async\" id=\"envira-gallery-image-1343\" class=\"envira-gallery-image envira-gallery-image-5 envira-normal envira-lazy\" data-envira-index=\"5\" src=\"https:\/\/feuerwehr-eltmann.de\/wp-content\/uploads\/2017\/08\/mini-IMG_2086-640x480.jpg\" data-envira-src=\"https:\/\/feuerwehr-eltmann.de\/wp-content\/uploads\/2017\/08\/mini-IMG_2086-640x480.jpg\" data-envira-gallery-id=\"1338\" data-envira-item-id=\"1343\" data-envira-caption=\"mini-IMG_2086\" alt=\"\" title=\"mini-IMG_2086\"  itemprop=\"thumbnailUrl\" data-envira-srcset=\"https:\/\/feuerwehr-eltmann.de\/wp-content\/uploads\/2017\/08\/mini-IMG_2086-640x480.jpg 400w,https:\/\/feuerwehr-eltmann.de\/wp-content\/uploads\/2017\/08\/mini-IMG_2086-640x480.jpg 2x\" data-envira-width=\"300\" data-envira-height=\"228\" srcset=\"data:image\/gif;base64,R0lGODlhAQABAIAAAP\/\/\/\/\/\/\/yH5BAEKAAEALAAAAAABAAEAAAICTAEAOw==\" data-safe-src=\"data:image\/gif;base64,R0lGODlhAQABAIAAAP\/\/\/\/\/\/\/yH5BAEKAAEALAAAAAABAAEAAAICTAEAOw==\" \/><\/a><\/div><\/div><\/div><\/div><noscript><img decoding=\"async\" src=\"https:\/\/feuerwehr-eltmann.de\/wp-content\/uploads\/2017\/08\/mini-IMG_2080.jpg\" alt=\"\" \/><img decoding=\"async\" src=\"https:\/\/feuerwehr-eltmann.de\/wp-content\/uploads\/2017\/08\/mini-IMG_2082.jpg\" alt=\"\" \/><img decoding=\"async\" src=\"https:\/\/feuerwehr-eltmann.de\/wp-content\/uploads\/2017\/08\/mini-IMG_2083.jpg\" alt=\"\" \/><img decoding=\"async\" src=\"https:\/\/feuerwehr-eltmann.de\/wp-content\/uploads\/2017\/08\/mini-IMG_2085.jpg\" alt=\"\" \/><img decoding=\"async\" src=\"https:\/\/feuerwehr-eltmann.de\/wp-content\/uploads\/2017\/08\/mini-IMG_2086.jpg\" alt=\"\" \/><\/noscript>\n<h3><em>Nachfolgend ist ein Auszug der einzelnen Rollw\u00e4gen aufgelistet<\/em><\/h3>\n<h3>Rollwagen 1: Verkehrsunfall<\/h3>\n<p><img loading=\"lazy\" decoding=\"async\" class=\"wp-image-1023 alignright\" src=\"https:\/\/feuerwehr-eltmann.de\/wp-content\/uploads\/2017\/09\/P1040835.jpg\" width=\"300\" height=\"225\" \/><\/p>\n<ul>\n<li>Arbeitsplattform<\/li>\n<li>Leitkegel<\/li>\n<li>Warnblitzleuchten<\/li>\n<\/ul>\n<hr \/>\n<h3>Rollwagen 2: Wasserschaden<\/h3>\n<p><img loading=\"lazy\" decoding=\"async\" class=\"wp-image-1023 alignright\" src=\"https:\/\/feuerwehr-eltmann.de\/wp-content\/uploads\/2017\/09\/P1040843.jpg\" width=\"300\" height=\"225\" \/><\/p>\n<ul>\n<li>Wassersauger<\/li>\n<li>Kabeltrommel<\/li>\n<li>C-Schl\u00e4uche<\/li>\n<li>Tauchpumpe<\/li>\n<li>FI-Schutzschalter<\/li>\n<\/ul>\n<hr \/>\n<h3>Rollwagen 3: Umweltschaden<\/h3>\n<p><img loading=\"lazy\" decoding=\"async\" class=\"wp-image-1023 alignright\" src=\"https:\/\/feuerwehr-eltmann.de\/wp-content\/uploads\/2017\/09\/P1040845.jpg\" width=\"300\" height=\"225\" \/><\/p>\n<ul>\n<li>\u00d6lsperren f\u00fcr Gew\u00e4sser<\/li>\n<li>Elefantenf\u00fc\u00dfe<\/li>\n<li>Schutzanz\u00fcge und Planen<\/li>\n<li>Auffangwannen<\/li>\n<\/ul>\n<hr \/>\n<h3>Rollwagen 4: Mehrzweck<\/h3>\n<p><img loading=\"lazy\" decoding=\"async\" class=\"wp-image-1023 alignright\" src=\"https:\/\/feuerwehr-eltmann.de\/wp-content\/uploads\/2017\/09\/P1040840.jpg\" width=\"300\" height=\"225\" \/><\/p>\n<ul>\n<li>7 kVA Stromerzeuger<\/li>\n<li>Leerbeh\u00e4lter<\/li>\n<li>\u00d6lbindemittel<\/li>\n<li>Watthosen<\/li>\n<li>Tauchpumpe<\/li>\n<\/ul>\n<hr \/>\n<h3>Rollwagen 5: Gefahrgut 1<\/h3>\n<p><img loading=\"lazy\" decoding=\"async\" class=\"wp-image-1023 alignright\" src=\"https:\/\/feuerwehr-eltmann.de\/wp-content\/uploads\/2017\/09\/P1040836.jpg\" width=\"300\" height=\"225\" \/><\/p>\n<ul>\n<li>\u00f6lbest\u00e4ndige Pumpe<\/li>\n<li>ex-gesch\u00fctzte Handpumpe<\/li>\n<li>\u00f6lbest\u00e4ndige Schl\u00e4uche<\/li>\n<li>Schutzanz\u00fcge<\/li>\n<li>Armaturen aus Messing und Alu<\/li>\n<\/ul>\n<hr \/>\n<h3>Rollwagen 6: Gefahrgut 2<\/h3>\n<p><img loading=\"lazy\" decoding=\"async\" class=\"wp-image-1023 alignright\" src=\"https:\/\/feuerwehr-eltmann.de\/wp-content\/uploads\/2017\/09\/P1040842.jpg\" width=\"300\" height=\"225\" \/><\/p>\n<ul>\n<li>vier Auffangbeh\u00e4lter je 3.000 Liter<\/li>\n<li>Sch\u00f6pfkellen<\/li>\n<li>Ableitrinnen<\/li>\n<\/ul>\n<hr \/>\n<h3>Rollwagen 7: Transport<\/h3>\n<p><img loading=\"lazy\" decoding=\"async\" class=\"wp-image-1023 alignright\" src=\"https:\/\/feuerwehr-eltmann.de\/wp-content\/uploads\/2017\/09\/P1040846.jpg\" width=\"300\" height=\"225\" \/><\/p>\n<ul>\n<li>Leerwagen f\u00fcr Materialtransport<\/li>\n<\/ul>\n<hr \/>\n<h3>Rollwagen 8: Schlauchkomponente<\/h3>\n<ul>\n<li>500 Meter B-Schlauch<\/li>\n<\/ul>\n<p>&nbsp;<\/p>\n","protected":false},"excerpt":{"rendered":"<p>Der V-LKW kommt vorzugsweise bei technischen Vorf\u00e4llen zum Einsatz.\u00a0Gerade bei Eins\u00e4tzen auf der Autobahn A 70 f\u00e4hrt das 56\/1\u00a0prim\u00e4r im R\u00fcstzug mit.\u00a0Der V-LKW kann aber aufgrund seiner Beladung auch sehr gut als eigenst\u00e4ndige Einheit agieren.\u00a0Auf der Ladefl\u00e4che sind acht Rollw\u00e4gen &hellip; <a href=\"https:\/\/feuerwehr-eltmann.de\/?page_id=404\">Weiterlesen <span class=\"meta-nav\">&rarr;<\/span><\/a><\/p>\n","protected":false},"author":2,"featured_media":0,"parent":1067,"menu_order":0,"comment_status":"closed","ping_status":"closed","template":"","meta":{"_mc_calendar":[],"footnotes":""},"class_list":["post-404","page","type-page","status-publish","hentry"],"_links":{"self":[{"href":"https:\/\/feuerwehr-eltmann.de\/index.php?rest_route=\/wp\/v2\/pages\/404","targetHints":{"allow":["GET"]}}],"collection":[{"href":"https:\/\/feuerwehr-eltmann.de\/index.php?rest_route=\/wp\/v2\/pages"}],"about":[{"href":"https:\/\/feuerwehr-eltmann.de\/index.php?rest_route=\/wp\/v2\/types\/page"}],"author":[{"embeddable":true,"href":"https:\/\/feuerwehr-eltmann.de\/index.php?rest_route=\/wp\/v2\/users\/2"}],"replies":[{"embeddable":true,"href":"https:\/\/feuerwehr-eltmann.de\/index.php?rest_route=%2Fwp%2Fv2%2Fcomments&post=404"}],"version-history":[{"count":20,"href":"https:\/\/feuerwehr-eltmann.de\/index.php?rest_route=\/wp\/v2\/pages\/404\/revisions"}],"predecessor-version":[{"id":1703,"href":"https:\/\/feuerwehr-eltmann.de\/index.php?rest_route=\/wp\/v2\/pages\/404\/revisions\/1703"}],"up":[{"embeddable":true,"href":"https:\/\/feuerwehr-eltmann.de\/index.php?rest_route=\/wp\/v2\/pages\/1067"}],"wp:attachment":[{"href":"https:\/\/feuerwehr-eltmann.de\/index.php?rest_route=%2Fwp%2Fv2%2Fmedia&parent=404"}],"curies":[{"name":"wp","href":"https:\/\/api.w.org\/{rel}","templated":true}]}}