{"id":4076,"date":"2025-06-27T15:54:14","date_gmt":"2025-06-27T13:54:14","guid":{"rendered":"https:\/\/feuerwehr-eltmann.de\/?page_id=4076"},"modified":"2025-06-27T15:54:14","modified_gmt":"2025-06-27T13:54:14","slug":"tlf-4000-tankloeschfahrzeug","status":"publish","type":"page","link":"https:\/\/feuerwehr-eltmann.de\/?page_id=4076","title":{"rendered":"TLF 4000 &#8211; Tankl\u00f6schfahrzeug"},"content":{"rendered":"\n<p>Das TLF 4000 wird prim\u00e4r im L\u00f6schzug eingesetzt. Die Beladung ist deshalb stark auf die Brandbek\u00e4mpfung ausgelegt. Hierzu z\u00e4hlt vor allem ein Schnellangriffsschlauch B und C, ein Kombi-Schaumrohr, vier Atemschutzger\u00e4te, Hitzeschutzanz\u00fcge und ein Dachmonitor mit 150 Meter Wurfweite. <\/p>\n\n\n\n<p>Desweiteren ist eine Sonderausstattung &#8222;Waldbrand&#8220;, ein Faltbeh\u00e4lter mit 4000 Liter Volumen, ein tragbarer Wasserwerfer und ein elektrischer L\u00fcfter sowie eine Motorkettens\u00e4ge auf dem Tankl\u00f6schfahrzeug verlastet.<\/p>\n\n\n\n<table id=\"tablepress-20\" class=\"tablepress tablepress-id-20\">\n<tbody class=\"row-hover\">\n<tr class=\"row-1\">\n\t<td class=\"column-1\">Fahrgestell<\/td><td class=\"column-2\">MAN TGM 18.340<\/td>\n<\/tr>\n<tr class=\"row-2\">\n\t<td class=\"column-1\">Aufbau<\/td><td class=\"column-2\">Ziegler<\/td>\n<\/tr>\n<tr class=\"row-3\">\n\t<td class=\"column-1\">Leistung<\/td><td class=\"column-2\">251 kW<\/td>\n<\/tr>\n<tr class=\"row-4\">\n\t<td class=\"column-1\">Baujahr<\/td><td class=\"column-2\">2022<\/td>\n<\/tr>\n<tr class=\"row-5\">\n\t<td class=\"column-1\">Besatzung<\/td><td class=\"column-2\">Trupp: 1\/2<\/td>\n<\/tr>\n<tr class=\"row-6\">\n\t<td class=\"column-1\">Tank Wasser<\/td><td class=\"column-2\">5.500 Liter<\/td>\n<\/tr>\n<tr class=\"row-7\">\n\t<td class=\"column-1\">Tank Schaummittel<\/td><td class=\"column-2\">500 Liter<\/td>\n<\/tr>\n<tr class=\"row-8\">\n\t<td class=\"column-1\">Feuerl\u00f6schkreiselpumpe<\/td><td class=\"column-2\">2500 Liter\/min<\/td>\n<\/tr>\n<tr class=\"row-9\">\n\t<td class=\"column-1\">Besondere Beladung<\/td><td class=\"column-2\">- Hitzeschutzanz\u00fcge<br \/>\n- Sonderaustattung \"Waldbrand\"<br \/>\n- Dachmonitor <br \/>\n- tragbarer Wasserwerfer<br \/>\n- Faltbeh\u00e4lter mit 4000 Liter<br \/>\n- elektrischer L\u00fcfter<br \/>\n- Industrie-\/Wassersauger<\/td>\n<\/tr>\n<\/tbody>\n<\/table>\n<!-- #tablepress-20 from cache -->\n\n\n\n<div class=\"wp-block-envira-envira-gallery\"><div id=\"envira-gallery-wrap-4088\" class=\"envira-gallery-wrap envira-gallery-theme-base envira-lightbox-theme-base\" itemscope itemtype=\"https:\/\/schema.org\/ImageGallery\"><div data-row-height=\"150\" data-gallery-theme=\"normal\" id=\"envira-gallery-4088\" class=\"envira-gallery-public envira-gallery-justified-public envira-gallery-0-columns envira-clear enviratope envira-gallery-css-animations\" data-envira-columns=\"0\"><div id=\"envira-gallery-item-4191\" class=\"envira-gallery-item enviratope-item envira-gallery-item-1 envira-lazy-load\" style=\"padding-left: 1px; padding-bottom: 1px; padding-right: 1px;\"  itemscope itemtype=\"https:\/\/schema.org\/ImageObject\"><div class=\"envira-gallery-item-inner\"><div class=\"envira-gallery-position-overlay  envira-gallery-top-left\"><\/div><div class=\"envira-gallery-position-overlay  envira-gallery-top-right\"><\/div><div class=\"envira-gallery-position-overlay  envira-gallery-bottom-left\"><\/div><div class=\"envira-gallery-position-overlay  envira-gallery-bottom-right\"><\/div><a href=\"https:\/\/feuerwehr-eltmann.de\/wp-content\/uploads\/2022\/08\/PHOTO-2022-11-10-17-48-182.jpg\" class=\"envira-gallery-4088 envira-gallery-link\" rel=\"enviragallery4088\" title=\"PHOTO-2022-11-10-17-48-182\" data-envira-caption=\"PHOTO-2022-11-10-17-48-182\" data-envira-retina=\"\" data-thumbnail=\"\"  itemprop=\"contentUrl\"><img decoding=\"async\" id=\"envira-gallery-image-4191\" class=\"envira-gallery-image envira-gallery-image-1 envira-normal envira-lazy\" data-envira-index=\"1\" src=\"https:\/\/feuerwehr-eltmann.de\/wp-content\/uploads\/2022\/08\/PHOTO-2022-11-10-17-48-182-1000x750-640x480.jpg\" data-envira-src=\"https:\/\/feuerwehr-eltmann.de\/wp-content\/uploads\/2022\/08\/PHOTO-2022-11-10-17-48-182-1000x750-640x480.jpg\" data-envira-gallery-id=\"4088\" data-envira-item-id=\"4191\" data-envira-caption=\"PHOTO-2022-11-10-17-48-182\" alt=\"\" title=\"PHOTO-2022-11-10-17-48-182\"  itemprop=\"thumbnailUrl\" data-envira-srcset=\"https:\/\/feuerwehr-eltmann.de\/wp-content\/uploads\/2022\/08\/PHOTO-2022-11-10-17-48-182-1000x750-640x480.jpg 400w,https:\/\/feuerwehr-eltmann.de\/wp-content\/uploads\/2022\/08\/PHOTO-2022-11-10-17-48-182-1000x750-640x480.jpg 2x\" data-envira-width=\"300\" data-envira-height=\"225\" srcset=\"data:image\/gif;base64,R0lGODlhAQABAIAAAP\/\/\/\/\/\/\/yH5BAEKAAEALAAAAAABAAEAAAICTAEAOw==\" data-safe-src=\"data:image\/gif;base64,R0lGODlhAQABAIAAAP\/\/\/\/\/\/\/yH5BAEKAAEALAAAAAABAAEAAAICTAEAOw==\" \/><\/a><\/div><\/div><div id=\"envira-gallery-item-4089\" class=\"envira-gallery-item enviratope-item envira-gallery-item-2 envira-lazy-load\" style=\"padding-left: 1px; padding-bottom: 1px; padding-right: 1px;\"  itemscope itemtype=\"https:\/\/schema.org\/ImageObject\"><div class=\"envira-gallery-item-inner\"><div class=\"envira-gallery-position-overlay  envira-gallery-top-left\"><\/div><div class=\"envira-gallery-position-overlay  envira-gallery-top-right\"><\/div><div class=\"envira-gallery-position-overlay  envira-gallery-bottom-left\"><\/div><div class=\"envira-gallery-position-overlay  envira-gallery-bottom-right\"><\/div><a href=\"https:\/\/feuerwehr-eltmann.de\/wp-content\/uploads\/2022\/08\/FBIB6597.jpg\" class=\"envira-gallery-4088 envira-gallery-link\" rel=\"enviragallery4088\" title=\"FBIB6597\" data-envira-caption=\"FBIB6597\" data-envira-retina=\"\" data-thumbnail=\"\"  itemprop=\"contentUrl\"><img decoding=\"async\" id=\"envira-gallery-image-4089\" class=\"envira-gallery-image envira-gallery-image-2 envira-normal envira-lazy\" data-envira-index=\"2\" src=\"https:\/\/feuerwehr-eltmann.de\/wp-content\/uploads\/2022\/08\/FBIB6597-1000x750-640x480.jpg\" data-envira-src=\"https:\/\/feuerwehr-eltmann.de\/wp-content\/uploads\/2022\/08\/FBIB6597-1000x750-640x480.jpg\" data-envira-gallery-id=\"4088\" data-envira-item-id=\"4089\" data-envira-caption=\"FBIB6597\" alt=\"\" title=\"FBIB6597\"  itemprop=\"thumbnailUrl\" data-envira-srcset=\"https:\/\/feuerwehr-eltmann.de\/wp-content\/uploads\/2022\/08\/FBIB6597-1000x750-640x480.jpg 400w,https:\/\/feuerwehr-eltmann.de\/wp-content\/uploads\/2022\/08\/FBIB6597-1000x750-640x480.jpg 2x\" data-envira-width=\"300\" data-envira-height=\"225\" srcset=\"data:image\/gif;base64,R0lGODlhAQABAIAAAP\/\/\/\/\/\/\/yH5BAEKAAEALAAAAAABAAEAAAICTAEAOw==\" data-safe-src=\"data:image\/gif;base64,R0lGODlhAQABAIAAAP\/\/\/\/\/\/\/yH5BAEKAAEALAAAAAABAAEAAAICTAEAOw==\" \/><\/a><\/div><\/div><div id=\"envira-gallery-item-4095\" class=\"envira-gallery-item enviratope-item envira-gallery-item-3 envira-lazy-load\" style=\"padding-left: 1px; padding-bottom: 1px; padding-right: 1px;\"  itemscope itemtype=\"https:\/\/schema.org\/ImageObject\"><div class=\"envira-gallery-item-inner\"><div class=\"envira-gallery-position-overlay  envira-gallery-top-left\"><\/div><div class=\"envira-gallery-position-overlay  envira-gallery-top-right\"><\/div><div class=\"envira-gallery-position-overlay  envira-gallery-bottom-left\"><\/div><div class=\"envira-gallery-position-overlay  envira-gallery-bottom-right\"><\/div><a href=\"https:\/\/feuerwehr-eltmann.de\/wp-content\/uploads\/2022\/08\/RFBK5294.jpg\" class=\"envira-gallery-4088 envira-gallery-link\" rel=\"enviragallery4088\" title=\"RFBK5294\" data-envira-caption=\"RFBK5294\" data-envira-retina=\"\" data-thumbnail=\"\"  itemprop=\"contentUrl\"><img decoding=\"async\" id=\"envira-gallery-image-4095\" class=\"envira-gallery-image envira-gallery-image-3 envira-normal envira-lazy\" data-envira-index=\"3\" src=\"https:\/\/feuerwehr-eltmann.de\/wp-content\/uploads\/2022\/08\/RFBK5294-1000x750-640x480.jpg\" data-envira-src=\"https:\/\/feuerwehr-eltmann.de\/wp-content\/uploads\/2022\/08\/RFBK5294-1000x750-640x480.jpg\" data-envira-gallery-id=\"4088\" data-envira-item-id=\"4095\" data-envira-caption=\"RFBK5294\" alt=\"\" title=\"RFBK5294\"  itemprop=\"thumbnailUrl\" data-envira-srcset=\"https:\/\/feuerwehr-eltmann.de\/wp-content\/uploads\/2022\/08\/RFBK5294-1000x750-640x480.jpg 400w,https:\/\/feuerwehr-eltmann.de\/wp-content\/uploads\/2022\/08\/RFBK5294-1000x750-640x480.jpg 2x\" data-envira-width=\"300\" data-envira-height=\"225\" srcset=\"data:image\/gif;base64,R0lGODlhAQABAIAAAP\/\/\/\/\/\/\/yH5BAEKAAEALAAAAAABAAEAAAICTAEAOw==\" data-safe-src=\"data:image\/gif;base64,R0lGODlhAQABAIAAAP\/\/\/\/\/\/\/yH5BAEKAAEALAAAAAABAAEAAAICTAEAOw==\" \/><\/a><\/div><\/div><div id=\"envira-gallery-item-4096\" class=\"envira-gallery-item enviratope-item envira-gallery-item-4 envira-lazy-load\" style=\"padding-left: 1px; padding-bottom: 1px; padding-right: 1px;\"  itemscope itemtype=\"https:\/\/schema.org\/ImageObject\"><div class=\"envira-gallery-item-inner\"><div class=\"envira-gallery-position-overlay  envira-gallery-top-left\"><\/div><div class=\"envira-gallery-position-overlay  envira-gallery-top-right\"><\/div><div class=\"envira-gallery-position-overlay  envira-gallery-bottom-left\"><\/div><div class=\"envira-gallery-position-overlay  envira-gallery-bottom-right\"><\/div><a href=\"https:\/\/feuerwehr-eltmann.de\/wp-content\/uploads\/2022\/08\/SHQY1695.jpg\" class=\"envira-gallery-4088 envira-gallery-link\" rel=\"enviragallery4088\" title=\"SHQY1695\" data-envira-caption=\"SHQY1695\" data-envira-retina=\"\" data-thumbnail=\"\"  itemprop=\"contentUrl\"><img decoding=\"async\" id=\"envira-gallery-image-4096\" class=\"envira-gallery-image envira-gallery-image-4 envira-normal envira-lazy\" data-envira-index=\"4\" src=\"https:\/\/feuerwehr-eltmann.de\/wp-content\/uploads\/2022\/08\/SHQY1695-1000x750-640x480.jpg\" data-envira-src=\"https:\/\/feuerwehr-eltmann.de\/wp-content\/uploads\/2022\/08\/SHQY1695-1000x750-640x480.jpg\" data-envira-gallery-id=\"4088\" data-envira-item-id=\"4096\" data-envira-caption=\"SHQY1695\" alt=\"\" title=\"SHQY1695\"  itemprop=\"thumbnailUrl\" data-envira-srcset=\"https:\/\/feuerwehr-eltmann.de\/wp-content\/uploads\/2022\/08\/SHQY1695-1000x750-640x480.jpg 400w,https:\/\/feuerwehr-eltmann.de\/wp-content\/uploads\/2022\/08\/SHQY1695-1000x750-640x480.jpg 2x\" data-envira-width=\"300\" data-envira-height=\"225\" srcset=\"data:image\/gif;base64,R0lGODlhAQABAIAAAP\/\/\/\/\/\/\/yH5BAEKAAEALAAAAAABAAEAAAICTAEAOw==\" data-safe-src=\"data:image\/gif;base64,R0lGODlhAQABAIAAAP\/\/\/\/\/\/\/yH5BAEKAAEALAAAAAABAAEAAAICTAEAOw==\" \/><\/a><\/div><\/div><div id=\"envira-gallery-item-4091\" class=\"envira-gallery-item enviratope-item envira-gallery-item-5 envira-lazy-load\" style=\"padding-left: 1px; padding-bottom: 1px; padding-right: 1px;\"  itemscope itemtype=\"https:\/\/schema.org\/ImageObject\"><div class=\"envira-gallery-item-inner\"><div class=\"envira-gallery-position-overlay  envira-gallery-top-left\"><\/div><div class=\"envira-gallery-position-overlay  envira-gallery-top-right\"><\/div><div class=\"envira-gallery-position-overlay  envira-gallery-bottom-left\"><\/div><div class=\"envira-gallery-position-overlay  envira-gallery-bottom-right\"><\/div><a href=\"https:\/\/feuerwehr-eltmann.de\/wp-content\/uploads\/2022\/08\/KHSX8869.jpg\" class=\"envira-gallery-4088 envira-gallery-link\" rel=\"enviragallery4088\" title=\"KHSX8869\" data-envira-caption=\"KHSX8869\" data-envira-retina=\"\" data-thumbnail=\"\"  itemprop=\"contentUrl\"><img decoding=\"async\" id=\"envira-gallery-image-4091\" class=\"envira-gallery-image envira-gallery-image-5 envira-normal envira-lazy\" data-envira-index=\"5\" src=\"https:\/\/feuerwehr-eltmann.de\/wp-content\/uploads\/2022\/08\/KHSX8869-1000x750-640x480.jpg\" data-envira-src=\"https:\/\/feuerwehr-eltmann.de\/wp-content\/uploads\/2022\/08\/KHSX8869-1000x750-640x480.jpg\" data-envira-gallery-id=\"4088\" data-envira-item-id=\"4091\" data-envira-caption=\"KHSX8869\" alt=\"\" title=\"KHSX8869\"  itemprop=\"thumbnailUrl\" data-envira-srcset=\"https:\/\/feuerwehr-eltmann.de\/wp-content\/uploads\/2022\/08\/KHSX8869-1000x750-640x480.jpg 400w,https:\/\/feuerwehr-eltmann.de\/wp-content\/uploads\/2022\/08\/KHSX8869-1000x750-640x480.jpg 2x\" data-envira-width=\"300\" data-envira-height=\"225\" srcset=\"data:image\/gif;base64,R0lGODlhAQABAIAAAP\/\/\/\/\/\/\/yH5BAEKAAEALAAAAAABAAEAAAICTAEAOw==\" data-safe-src=\"data:image\/gif;base64,R0lGODlhAQABAIAAAP\/\/\/\/\/\/\/yH5BAEKAAEALAAAAAABAAEAAAICTAEAOw==\" \/><\/a><\/div><\/div><div id=\"envira-gallery-item-4090\" class=\"envira-gallery-item enviratope-item envira-gallery-item-6 envira-lazy-load\" style=\"padding-left: 1px; padding-bottom: 1px; padding-right: 1px;\"  itemscope itemtype=\"https:\/\/schema.org\/ImageObject\"><div class=\"envira-gallery-item-inner\"><div class=\"envira-gallery-position-overlay  envira-gallery-top-left\"><\/div><div class=\"envira-gallery-position-overlay  envira-gallery-top-right\"><\/div><div class=\"envira-gallery-position-overlay  envira-gallery-bottom-left\"><\/div><div class=\"envira-gallery-position-overlay  envira-gallery-bottom-right\"><\/div><a href=\"https:\/\/feuerwehr-eltmann.de\/wp-content\/uploads\/2022\/08\/JDXQ6850.jpg\" class=\"envira-gallery-4088 envira-gallery-link\" rel=\"enviragallery4088\" title=\"JDXQ6850\" data-envira-caption=\"JDXQ6850\" data-envira-retina=\"\" data-thumbnail=\"\"  itemprop=\"contentUrl\"><img decoding=\"async\" id=\"envira-gallery-image-4090\" class=\"envira-gallery-image envira-gallery-image-6 envira-normal envira-lazy\" data-envira-index=\"6\" src=\"https:\/\/feuerwehr-eltmann.de\/wp-content\/uploads\/2022\/08\/JDXQ6850-1000x750-640x480.jpg\" data-envira-src=\"https:\/\/feuerwehr-eltmann.de\/wp-content\/uploads\/2022\/08\/JDXQ6850-1000x750-640x480.jpg\" data-envira-gallery-id=\"4088\" data-envira-item-id=\"4090\" data-envira-caption=\"JDXQ6850\" alt=\"\" title=\"JDXQ6850\"  itemprop=\"thumbnailUrl\" data-envira-srcset=\"https:\/\/feuerwehr-eltmann.de\/wp-content\/uploads\/2022\/08\/JDXQ6850-1000x750-640x480.jpg 400w,https:\/\/feuerwehr-eltmann.de\/wp-content\/uploads\/2022\/08\/JDXQ6850-1000x750-640x480.jpg 2x\" data-envira-width=\"300\" data-envira-height=\"225\" srcset=\"data:image\/gif;base64,R0lGODlhAQABAIAAAP\/\/\/\/\/\/\/yH5BAEKAAEALAAAAAABAAEAAAICTAEAOw==\" data-safe-src=\"data:image\/gif;base64,R0lGODlhAQABAIAAAP\/\/\/\/\/\/\/yH5BAEKAAEALAAAAAABAAEAAAICTAEAOw==\" \/><\/a><\/div><\/div><div id=\"envira-gallery-item-4093\" class=\"envira-gallery-item enviratope-item envira-gallery-item-7 envira-lazy-load\" style=\"padding-left: 1px; padding-bottom: 1px; padding-right: 1px;\"  itemscope itemtype=\"https:\/\/schema.org\/ImageObject\"><div class=\"envira-gallery-item-inner\"><div class=\"envira-gallery-position-overlay  envira-gallery-top-left\"><\/div><div class=\"envira-gallery-position-overlay  envira-gallery-top-right\"><\/div><div class=\"envira-gallery-position-overlay  envira-gallery-bottom-left\"><\/div><div class=\"envira-gallery-position-overlay  envira-gallery-bottom-right\"><\/div><a href=\"https:\/\/feuerwehr-eltmann.de\/wp-content\/uploads\/2022\/08\/NRQS8844.jpg\" class=\"envira-gallery-4088 envira-gallery-link\" rel=\"enviragallery4088\" title=\"NRQS8844\" data-envira-caption=\"NRQS8844\" data-envira-retina=\"\" data-thumbnail=\"\"  itemprop=\"contentUrl\"><img decoding=\"async\" id=\"envira-gallery-image-4093\" class=\"envira-gallery-image envira-gallery-image-7 envira-normal envira-lazy\" data-envira-index=\"7\" src=\"https:\/\/feuerwehr-eltmann.de\/wp-content\/uploads\/2022\/08\/NRQS8844-1000x750-640x480.jpg\" data-envira-src=\"https:\/\/feuerwehr-eltmann.de\/wp-content\/uploads\/2022\/08\/NRQS8844-1000x750-640x480.jpg\" data-envira-gallery-id=\"4088\" data-envira-item-id=\"4093\" data-envira-caption=\"NRQS8844\" alt=\"\" title=\"NRQS8844\"  itemprop=\"thumbnailUrl\" data-envira-srcset=\"https:\/\/feuerwehr-eltmann.de\/wp-content\/uploads\/2022\/08\/NRQS8844-1000x750-640x480.jpg 400w,https:\/\/feuerwehr-eltmann.de\/wp-content\/uploads\/2022\/08\/NRQS8844-1000x750-640x480.jpg 2x\" data-envira-width=\"300\" data-envira-height=\"225\" srcset=\"data:image\/gif;base64,R0lGODlhAQABAIAAAP\/\/\/\/\/\/\/yH5BAEKAAEALAAAAAABAAEAAAICTAEAOw==\" data-safe-src=\"data:image\/gif;base64,R0lGODlhAQABAIAAAP\/\/\/\/\/\/\/yH5BAEKAAEALAAAAAABAAEAAAICTAEAOw==\" \/><\/a><\/div><\/div><div id=\"envira-gallery-item-4092\" class=\"envira-gallery-item enviratope-item envira-gallery-item-8 envira-lazy-load\" style=\"padding-left: 1px; padding-bottom: 1px; padding-right: 1px;\"  itemscope itemtype=\"https:\/\/schema.org\/ImageObject\"><div class=\"envira-gallery-item-inner\"><div class=\"envira-gallery-position-overlay  envira-gallery-top-left\"><\/div><div class=\"envira-gallery-position-overlay  envira-gallery-top-right\"><\/div><div class=\"envira-gallery-position-overlay  envira-gallery-bottom-left\"><\/div><div class=\"envira-gallery-position-overlay  envira-gallery-bottom-right\"><\/div><a href=\"https:\/\/feuerwehr-eltmann.de\/wp-content\/uploads\/2022\/08\/MZJL4905.jpg\" class=\"envira-gallery-4088 envira-gallery-link\" rel=\"enviragallery4088\" title=\"MZJL4905\" data-envira-caption=\"MZJL4905\" data-envira-retina=\"\" data-thumbnail=\"\"  itemprop=\"contentUrl\"><img decoding=\"async\" id=\"envira-gallery-image-4092\" class=\"envira-gallery-image envira-gallery-image-8 envira-normal envira-lazy\" data-envira-index=\"8\" src=\"https:\/\/feuerwehr-eltmann.de\/wp-content\/uploads\/2022\/08\/MZJL4905-1000x750-640x480.jpg\" data-envira-src=\"https:\/\/feuerwehr-eltmann.de\/wp-content\/uploads\/2022\/08\/MZJL4905-1000x750-640x480.jpg\" data-envira-gallery-id=\"4088\" data-envira-item-id=\"4092\" data-envira-caption=\"MZJL4905\" alt=\"\" title=\"MZJL4905\"  itemprop=\"thumbnailUrl\" data-envira-srcset=\"https:\/\/feuerwehr-eltmann.de\/wp-content\/uploads\/2022\/08\/MZJL4905-1000x750-640x480.jpg 400w,https:\/\/feuerwehr-eltmann.de\/wp-content\/uploads\/2022\/08\/MZJL4905-1000x750-640x480.jpg 2x\" data-envira-width=\"300\" data-envira-height=\"225\" srcset=\"data:image\/gif;base64,R0lGODlhAQABAIAAAP\/\/\/\/\/\/\/yH5BAEKAAEALAAAAAABAAEAAAICTAEAOw==\" data-safe-src=\"data:image\/gif;base64,R0lGODlhAQABAIAAAP\/\/\/\/\/\/\/yH5BAEKAAEALAAAAAABAAEAAAICTAEAOw==\" \/><\/a><\/div><\/div><div id=\"envira-gallery-item-4094\" class=\"envira-gallery-item enviratope-item envira-gallery-item-9 envira-lazy-load\" style=\"padding-left: 1px; padding-bottom: 1px; padding-right: 1px;\"  itemscope itemtype=\"https:\/\/schema.org\/ImageObject\"><div class=\"envira-gallery-item-inner\"><div class=\"envira-gallery-position-overlay  envira-gallery-top-left\"><\/div><div class=\"envira-gallery-position-overlay  envira-gallery-top-right\"><\/div><div class=\"envira-gallery-position-overlay  envira-gallery-bottom-left\"><\/div><div class=\"envira-gallery-position-overlay  envira-gallery-bottom-right\"><\/div><a href=\"https:\/\/feuerwehr-eltmann.de\/wp-content\/uploads\/2022\/08\/QNKP1463.jpg\" class=\"envira-gallery-4088 envira-gallery-link\" rel=\"enviragallery4088\" title=\"QNKP1463\" data-envira-caption=\"QNKP1463\" data-envira-retina=\"\" data-thumbnail=\"\"  itemprop=\"contentUrl\"><img decoding=\"async\" id=\"envira-gallery-image-4094\" class=\"envira-gallery-image envira-gallery-image-9 envira-normal envira-lazy\" data-envira-index=\"9\" src=\"https:\/\/feuerwehr-eltmann.de\/wp-content\/uploads\/2022\/08\/QNKP1463-1000x750-640x480.jpg\" data-envira-src=\"https:\/\/feuerwehr-eltmann.de\/wp-content\/uploads\/2022\/08\/QNKP1463-1000x750-640x480.jpg\" data-envira-gallery-id=\"4088\" data-envira-item-id=\"4094\" data-envira-caption=\"QNKP1463\" alt=\"\" title=\"QNKP1463\"  itemprop=\"thumbnailUrl\" data-envira-srcset=\"https:\/\/feuerwehr-eltmann.de\/wp-content\/uploads\/2022\/08\/QNKP1463-1000x750-640x480.jpg 400w,https:\/\/feuerwehr-eltmann.de\/wp-content\/uploads\/2022\/08\/QNKP1463-1000x750-640x480.jpg 2x\" data-envira-width=\"300\" data-envira-height=\"225\" srcset=\"data:image\/gif;base64,R0lGODlhAQABAIAAAP\/\/\/\/\/\/\/yH5BAEKAAEALAAAAAABAAEAAAICTAEAOw==\" data-safe-src=\"data:image\/gif;base64,R0lGODlhAQABAIAAAP\/\/\/\/\/\/\/yH5BAEKAAEALAAAAAABAAEAAAICTAEAOw==\" \/><\/a><\/div><\/div><\/div><\/div><noscript><img decoding=\"async\" src=\"https:\/\/feuerwehr-eltmann.de\/wp-content\/uploads\/2022\/08\/PHOTO-2022-11-10-17-48-182.jpg\" alt=\"\" \/><img decoding=\"async\" src=\"https:\/\/feuerwehr-eltmann.de\/wp-content\/uploads\/2022\/08\/FBIB6597.jpg\" alt=\"\" \/><img decoding=\"async\" src=\"https:\/\/feuerwehr-eltmann.de\/wp-content\/uploads\/2022\/08\/RFBK5294.jpg\" alt=\"\" \/><img decoding=\"async\" src=\"https:\/\/feuerwehr-eltmann.de\/wp-content\/uploads\/2022\/08\/SHQY1695.jpg\" alt=\"\" \/><img decoding=\"async\" src=\"https:\/\/feuerwehr-eltmann.de\/wp-content\/uploads\/2022\/08\/KHSX8869.jpg\" alt=\"\" \/><img decoding=\"async\" src=\"https:\/\/feuerwehr-eltmann.de\/wp-content\/uploads\/2022\/08\/JDXQ6850.jpg\" alt=\"\" \/><img decoding=\"async\" src=\"https:\/\/feuerwehr-eltmann.de\/wp-content\/uploads\/2022\/08\/NRQS8844.jpg\" alt=\"\" \/><img decoding=\"async\" src=\"https:\/\/feuerwehr-eltmann.de\/wp-content\/uploads\/2022\/08\/MZJL4905.jpg\" alt=\"\" \/><img decoding=\"async\" src=\"https:\/\/feuerwehr-eltmann.de\/wp-content\/uploads\/2022\/08\/QNKP1463.jpg\" alt=\"\" \/><\/noscript><\/div>\n","protected":false},"excerpt":{"rendered":"<p>Das TLF 4000 wird prim\u00e4r im L\u00f6schzug eingesetzt. Die Beladung ist deshalb stark auf die Brandbek\u00e4mpfung ausgelegt. Hierzu z\u00e4hlt vor allem ein Schnellangriffsschlauch B und C, ein Kombi-Schaumrohr, vier Atemschutzger\u00e4te, Hitzeschutzanz\u00fcge und ein Dachmonitor mit 150 Meter Wurfweite. Desweiteren ist &hellip; <a href=\"https:\/\/feuerwehr-eltmann.de\/?page_id=4076\">Weiterlesen <span class=\"meta-nav\">&rarr;<\/span><\/a><\/p>\n","protected":false},"author":1,"featured_media":0,"parent":1067,"menu_order":0,"comment_status":"closed","ping_status":"closed","template":"","meta":{"_mc_calendar":[],"footnotes":""},"class_list":["post-4076","page","type-page","status-publish","hentry"],"_links":{"self":[{"href":"https:\/\/feuerwehr-eltmann.de\/index.php?rest_route=\/wp\/v2\/pages\/4076","targetHints":{"allow":["GET"]}}],"collection":[{"href":"https:\/\/feuerwehr-eltmann.de\/index.php?rest_route=\/wp\/v2\/pages"}],"about":[{"href":"https:\/\/feuerwehr-eltmann.de\/index.php?rest_route=\/wp\/v2\/types\/page"}],"author":[{"embeddable":true,"href":"https:\/\/feuerwehr-eltmann.de\/index.php?rest_route=\/wp\/v2\/users\/1"}],"replies":[{"embeddable":true,"href":"https:\/\/feuerwehr-eltmann.de\/index.php?rest_route=%2Fwp%2Fv2%2Fcomments&post=4076"}],"version-history":[{"count":7,"href":"https:\/\/feuerwehr-eltmann.de\/index.php?rest_route=\/wp\/v2\/pages\/4076\/revisions"}],"predecessor-version":[{"id":5247,"href":"https:\/\/feuerwehr-eltmann.de\/index.php?rest_route=\/wp\/v2\/pages\/4076\/revisions\/5247"}],"up":[{"embeddable":true,"href":"https:\/\/feuerwehr-eltmann.de\/index.php?rest_route=\/wp\/v2\/pages\/1067"}],"wp:attachment":[{"href":"https:\/\/feuerwehr-eltmann.de\/index.php?rest_route=%2Fwp%2Fv2%2Fmedia&parent=4076"}],"curies":[{"name":"wp","href":"https:\/\/api.w.org\/{rel}","templated":true}]}}