{"id":470,"date":"2017-08-04T09:43:04","date_gmt":"2017-08-04T07:43:04","guid":{"rendered":"http:\/\/feuerwehr-eltmann.de\/?page_id=470"},"modified":"2019-09-29T07:48:25","modified_gmt":"2019-09-29T05:48:25","slug":"geraetehaus","status":"publish","type":"page","link":"https:\/\/feuerwehr-eltmann.de\/?page_id=470","title":{"rendered":"Ger\u00e4tehaus"},"content":{"rendered":"\n<div class=\"wp-block-image\"><figure class=\"aligncenter\"><img loading=\"lazy\" decoding=\"async\" width=\"940\" height=\"198\" src=\"https:\/\/feuerwehr-eltmann.de\/wp-content\/uploads\/2019\/09\/Header6.jpg\" alt=\"\" class=\"wp-image-2942\" srcset=\"https:\/\/feuerwehr-eltmann.de\/wp-content\/uploads\/2019\/09\/Header6.jpg 940w, https:\/\/feuerwehr-eltmann.de\/wp-content\/uploads\/2019\/09\/Header6-300x63.jpg 300w, https:\/\/feuerwehr-eltmann.de\/wp-content\/uploads\/2019\/09\/Header6-768x162.jpg 768w\" sizes=\"auto, (max-width: 940px) 100vw, 940px\" \/><\/figure><\/div>\n\n\n\n<p>Unsere Fahrzeughalle bietet Platz f\u00fcr sieben Stellpl\u00e4tze, wo auch unsere Spinde mit den Einsatzkleidungen untergebracht sind. Desweiteren ist direkt neben den Fahrzeugen ein Lagerplatz f\u00fcr Verbrauchsmaterial (Schaummittel, Bindemittel, etc.), eine Werkstatt, sowie die Atemschutzpflegestelle.<\/p>\n\n\n\n<p>Im Keller befindet sich die Schlauchwaschanlage, die Kleiderkammer und ein Lager f\u00fcr weitere Ausr\u00fcstungsgegenst\u00e4nde.<\/p>\n\n\n\n<p>Gegen\u00fcber der Fahrzeughalle ist unser &#8222;Floriansst\u00fcbla&#8220;. Hier ist ein Schulungsraum untergeracht, sowie eine gem\u00fctliche Stube, um das Vereinsleben zu pflegen.<\/p>\n","protected":false},"excerpt":{"rendered":"<p>Unsere Fahrzeughalle bietet Platz f\u00fcr sieben Stellpl\u00e4tze, wo auch unsere Spinde mit den Einsatzkleidungen untergebracht sind. Desweiteren ist direkt neben den Fahrzeugen ein Lagerplatz f\u00fcr Verbrauchsmaterial (Schaummittel, Bindemittel, etc.), eine Werkstatt, sowie die Atemschutzpflegestelle. Im Keller befindet sich die Schlauchwaschanlage, &hellip; <a href=\"https:\/\/feuerwehr-eltmann.de\/?page_id=470\">Weiterlesen <span class=\"meta-nav\">&rarr;<\/span><\/a><\/p>\n","protected":false},"author":2,"featured_media":0,"parent":49,"menu_order":0,"comment_status":"closed","ping_status":"closed","template":"","meta":{"_mc_calendar":[],"footnotes":""},"class_list":["post-470","page","type-page","status-publish","hentry"],"_links":{"self":[{"href":"https:\/\/feuerwehr-eltmann.de\/index.php?rest_route=\/wp\/v2\/pages\/470","targetHints":{"allow":["GET"]}}],"collection":[{"href":"https:\/\/feuerwehr-eltmann.de\/index.php?rest_route=\/wp\/v2\/pages"}],"about":[{"href":"https:\/\/feuerwehr-eltmann.de\/index.php?rest_route=\/wp\/v2\/types\/page"}],"author":[{"embeddable":true,"href":"https:\/\/feuerwehr-eltmann.de\/index.php?rest_route=\/wp\/v2\/users\/2"}],"replies":[{"embeddable":true,"href":"https:\/\/feuerwehr-eltmann.de\/index.php?rest_route=%2Fwp%2Fv2%2Fcomments&post=470"}],"version-history":[{"count":6,"href":"https:\/\/feuerwehr-eltmann.de\/index.php?rest_route=\/wp\/v2\/pages\/470\/revisions"}],"predecessor-version":[{"id":2975,"href":"https:\/\/feuerwehr-eltmann.de\/index.php?rest_route=\/wp\/v2\/pages\/470\/revisions\/2975"}],"up":[{"embeddable":true,"href":"https:\/\/feuerwehr-eltmann.de\/index.php?rest_route=\/wp\/v2\/pages\/49"}],"wp:attachment":[{"href":"https:\/\/feuerwehr-eltmann.de\/index.php?rest_route=%2Fwp%2Fv2%2Fmedia&parent=470"}],"curies":[{"name":"wp","href":"https:\/\/api.w.org\/{rel}","templated":true}]}}