{"id":93,"date":"2017-07-16T03:54:35","date_gmt":"2017-07-16T03:54:35","guid":{"rendered":"http:\/\/feuerwehr-eltmann.de\/?page_id=93"},"modified":"2026-01-01T11:16:07","modified_gmt":"2026-01-01T10:16:07","slug":"einsaetze","status":"publish","type":"page","link":"https:\/\/feuerwehr-eltmann.de\/?page_id=93","title":{"rendered":"Eins\u00e4tze"},"content":{"rendered":"<p>Hier findet ihr eine Auswahl unserer Eins\u00e4tze der letzten Jahre:<\/p>\n<h2 style=\"text-align: center;\"><a href=\"https:\/\/feuerwehr-eltmann.de\/?page_id=5448\">Eins\u00e4tze 2026<\/a><\/h2>\n<h2 style=\"text-align: center;\"><a href=\"https:\/\/feuerwehr-eltmann.de\/?page_id=4981\">Eins\u00e4tze 2025<\/a><\/h2>\n<h2 style=\"text-align: center;\"><a href=\"https:\/\/feuerwehr-eltmann.de\/?page_id=4630\">Eins\u00e4tze 2024<\/a><\/h2>\n<h2 style=\"text-align: center;\"><a href=\"https:\/\/feuerwehr-eltmann.de\/?page_id=4218\">Eins\u00e4tze 2023<\/a><\/h2>\n<h2 style=\"text-align: center;\"><a href=\"https:\/\/feuerwehr-eltmann.de\/?page_id=3896\">Eins\u00e4tze 2022<\/a><\/h2>\n<h2 style=\"text-align: center;\"><a href=\"https:\/\/feuerwehr-eltmann.de\/?page_id=3462\">Eins\u00e4tze 2021<\/a><\/h2>\n<h2 style=\"text-align: center;\"><a href=\"https:\/\/feuerwehr-eltmann.de\/?page_id=3207\">Eins\u00e4tze 2020<\/a><\/h2>\n<h2 style=\"text-align: center;\"><a href=\"https:\/\/feuerwehr-eltmann.de\/?page_id=2481\">Eins\u00e4tze 2019<\/a><\/h2>\n<h2 style=\"text-align: center;\"><a href=\"https:\/\/feuerwehr-eltmann.de\/?page_id=1892\">Eins\u00e4tze 2018<\/a><\/h2>\n<h2 style=\"text-align: center;\"><a href=\"https:\/\/feuerwehr-eltmann.de\/?page_id=103\">Eins\u00e4tze 2017<\/a><\/h2>\n<h2 style=\"text-align: center;\"><a href=\"https:\/\/feuerwehr-eltmann.de\/?page_id=492\">Eins\u00e4tze 2016<\/a><\/h2>\n<h2 style=\"text-align: center;\"><a href=\"https:\/\/feuerwehr-eltmann.de\/?page_id=498\">Eins\u00e4tze 2015<\/a><\/h2>\n","protected":false},"excerpt":{"rendered":"<p>Hier findet ihr eine Auswahl unserer Eins\u00e4tze der letzten Jahre: Eins\u00e4tze 2026 Eins\u00e4tze 2025 Eins\u00e4tze 2024 Eins\u00e4tze 2023 Eins\u00e4tze 2022 Eins\u00e4tze 2021 Eins\u00e4tze 2020 Eins\u00e4tze 2019 Eins\u00e4tze 2018 Eins\u00e4tze 2017 Eins\u00e4tze 2016 Eins\u00e4tze 2015<\/p>\n","protected":false},"author":2,"featured_media":1752,"parent":30,"menu_order":0,"comment_status":"closed","ping_status":"closed","template":"","meta":{"_mc_calendar":[],"footnotes":""},"class_list":["post-93","page","type-page","status-publish","has-post-thumbnail","hentry"],"_links":{"self":[{"href":"https:\/\/feuerwehr-eltmann.de\/index.php?rest_route=\/wp\/v2\/pages\/93","targetHints":{"allow":["GET"]}}],"collection":[{"href":"https:\/\/feuerwehr-eltmann.de\/index.php?rest_route=\/wp\/v2\/pages"}],"about":[{"href":"https:\/\/feuerwehr-eltmann.de\/index.php?rest_route=\/wp\/v2\/types\/page"}],"author":[{"embeddable":true,"href":"https:\/\/feuerwehr-eltmann.de\/index.php?rest_route=\/wp\/v2\/users\/2"}],"replies":[{"embeddable":true,"href":"https:\/\/feuerwehr-eltmann.de\/index.php?rest_route=%2Fwp%2Fv2%2Fcomments&post=93"}],"version-history":[{"count":18,"href":"https:\/\/feuerwehr-eltmann.de\/index.php?rest_route=\/wp\/v2\/pages\/93\/revisions"}],"predecessor-version":[{"id":5452,"href":"https:\/\/feuerwehr-eltmann.de\/index.php?rest_route=\/wp\/v2\/pages\/93\/revisions\/5452"}],"up":[{"embeddable":true,"href":"https:\/\/feuerwehr-eltmann.de\/index.php?rest_route=\/wp\/v2\/pages\/30"}],"wp:featuredmedia":[{"embeddable":true,"href":"https:\/\/feuerwehr-eltmann.de\/index.php?rest_route=\/wp\/v2\/media\/1752"}],"wp:attachment":[{"href":"https:\/\/feuerwehr-eltmann.de\/index.php?rest_route=%2Fwp%2Fv2%2Fmedia&parent=93"}],"curies":[{"name":"wp","href":"https:\/\/api.w.org\/{rel}","templated":true}]}}