{"id":965,"date":"2017-08-06T13:28:08","date_gmt":"2017-08-06T11:28:08","guid":{"rendered":"http:\/\/wordpress.feuerwehr-eltmann.de\/?page_id=965"},"modified":"2017-10-30T19:24:01","modified_gmt":"2017-10-30T18:24:01","slug":"infos-fuer-die-eltern","status":"publish","type":"page","link":"https:\/\/feuerwehr-eltmann.de\/?page_id=965","title":{"rendered":"Infos f\u00fcr die Eltern"},"content":{"rendered":"<p><strong> Liebe Jugendliche und Eltern,<\/strong><br \/>\nwenn ihr der Feuerwehr beitreten m\u00f6chtet, entstehen h\u00e4ufig eine Menge Fragen. Wir haben uns im Folgenden bem\u00fcht diese zu beantworten:<\/p>\n<p><em><strong> Was ist die Jugendfeuerwehr?<\/strong><\/em><br \/>\nDie Jugendfeuerwehr Eltmann und Stadtteile ist die Jugendorganisation der Freiwilligen Feuerwehr Stadt Eltmann.<\/p>\n<p><strong><em>Wer kann Mitglied werden?<\/em><\/strong><strong><br \/>\n<\/strong> In die Jugendfeuerwehr Eltmann und Stadtteile k\u00f6nnen M\u00e4dchen und Jungen im Alter von 12 bis 18 Jahren aufgenommen werden, die ihren Wohnsitz in Eltmann oder deren Stadtteile haben.<\/p>\n<p><em><strong>Wie kann man sich anmelden?<\/strong><\/em><strong><br \/>\n<\/strong> Vor der Anmeldung solltet ihr euch erst einmal einen Eindruck von dem machen, was euch sp\u00e4ter in der Jugendfeuerwehr erwartet. Daher besteht die M\u00f6glichkeit sich \u00dcbungen\u00a0 2-3\u00a0 Mal anzuschauen, bevor man sich anmeldet. Die Anmeldung erfolgt unverbindlich.<\/p>\n<p><strong><em>Was m\u00fcssen die Jugendlichen mitbringen?<\/em><\/strong><strong><br \/>\n<\/strong> Um sich einen ersten Eindruck zu verschaffen ist keine besondere Ausr\u00fcstung erforderlich. Allerdings sollte festes Schuhwerk und robuste Kleidung gew\u00e4hlt werden.<\/p>\n<p><em><strong> Wann sind die Ausbildungszeiten?<\/strong><\/em><br \/>\nUnsere \u00dcbungstermine findet ihr im <a href=\"https:\/\/feuerwehr-eltmann.de\/?page_id=28\">Kalender<\/a>.<\/p>\n<p><strong><em>Was kostet mich das?<\/em><\/strong><strong><br \/>\n<\/strong> Gar nichts! Nur bei gr\u00f6\u00dferen Aktivit\u00e4ten, wie Ausfl\u00fcge, Zeltlager oder \u00e4hnliches erheben wir eine geringe Eigenbeteiligung. Die Dienstbekleidung wird kostenlos zur Verf\u00fcgung gestellt und ist nach Beendigung der Jugendfeuerwehrzeit zur\u00fcckzugeben.<\/p>\n<p><strong><em>Woraus besteht die Dienstbekleidung?<\/em><\/strong><strong><br \/>\n<\/strong> Mit der Aufnahme in die Jugendfeuerwehr erhalten alle Jugendlichen eine Jugendfeuerwehruniform. Diese besteht aus Jugendfeuerwehrhose, -helm, -handschuhen und Jugendfeuerwehrjacke. \u00a0In der Feuerwehrhalle steht f\u00fcr jedes Mitglied ein eigener Spind zur Verf\u00fcgung, in dem die Uniform gelagert wird.<\/p>\n<p><strong><em>Wie ist mein Kind versichert?<\/em><\/strong><strong><br \/>\n<\/strong> Versicherungsschutz besteht f\u00fcr ihre Kinder w\u00e4hrend allen Veranstaltungen der Jugendfeuerwehr, sowie auf dem direkten Weg von der Wohnung zum Feuerwehrhaus und wieder zur\u00fcck.<br \/>\nBei \u00dcbungen mit den Ger\u00e4tschaften legen wir au\u00dferdem gro\u00dfen Wert darauf, dass die Jugendlichen die pers\u00f6nliche Schutzausr\u00fcstung tragen.<br \/>\nIhr Sohn \/ Ihre Tochter ist f\u00fcr den Dienst in der Feuerwehr \u00fcber die Stadt Eltmann bei der Kommunalen Unfallversicherung Bayern (KUVB) versichert.<\/p>\n<p>Sollten doch noch Fragen auftreten, einfach bei unserem Jugendwart melden!<\/p>\n","protected":false},"excerpt":{"rendered":"<p>Liebe Jugendliche und Eltern, wenn ihr der Feuerwehr beitreten m\u00f6chtet, entstehen h\u00e4ufig eine Menge Fragen. Wir haben uns im Folgenden bem\u00fcht diese zu beantworten: Was ist die Jugendfeuerwehr? Die Jugendfeuerwehr Eltmann und Stadtteile ist die Jugendorganisation der Freiwilligen Feuerwehr Stadt &hellip; <a href=\"https:\/\/feuerwehr-eltmann.de\/?page_id=965\">Weiterlesen <span class=\"meta-nav\">&rarr;<\/span><\/a><\/p>\n","protected":false},"author":2,"featured_media":0,"parent":37,"menu_order":0,"comment_status":"closed","ping_status":"closed","template":"","meta":{"_mc_calendar":[],"footnotes":""},"class_list":["post-965","page","type-page","status-publish","hentry"],"_links":{"self":[{"href":"https:\/\/feuerwehr-eltmann.de\/index.php?rest_route=\/wp\/v2\/pages\/965","targetHints":{"allow":["GET"]}}],"collection":[{"href":"https:\/\/feuerwehr-eltmann.de\/index.php?rest_route=\/wp\/v2\/pages"}],"about":[{"href":"https:\/\/feuerwehr-eltmann.de\/index.php?rest_route=\/wp\/v2\/types\/page"}],"author":[{"embeddable":true,"href":"https:\/\/feuerwehr-eltmann.de\/index.php?rest_route=\/wp\/v2\/users\/2"}],"replies":[{"embeddable":true,"href":"https:\/\/feuerwehr-eltmann.de\/index.php?rest_route=%2Fwp%2Fv2%2Fcomments&post=965"}],"version-history":[{"count":9,"href":"https:\/\/feuerwehr-eltmann.de\/index.php?rest_route=\/wp\/v2\/pages\/965\/revisions"}],"predecessor-version":[{"id":1589,"href":"https:\/\/feuerwehr-eltmann.de\/index.php?rest_route=\/wp\/v2\/pages\/965\/revisions\/1589"}],"up":[{"embeddable":true,"href":"https:\/\/feuerwehr-eltmann.de\/index.php?rest_route=\/wp\/v2\/pages\/37"}],"wp:attachment":[{"href":"https:\/\/feuerwehr-eltmann.de\/index.php?rest_route=%2Fwp%2Fv2%2Fmedia&parent=965"}],"curies":[{"name":"wp","href":"https:\/\/api.w.org\/{rel}","templated":true}]}}